{"id":2893,"date":"2026-01-30T12:54:40","date_gmt":"2026-01-30T12:54:40","guid":{"rendered":"https:\/\/www.liannedamen.nl\/?page_id=2893"},"modified":"2026-01-30T12:55:43","modified_gmt":"2026-01-30T12:55:43","slug":"de-boekenkrant","status":"publish","type":"page","link":"https:\/\/www.liannedamen.nl\/index.php\/de-boekenkrant\/","title":{"rendered":"De Boekenkrant"},"content":{"rendered":"\n<h4 class=\"wp-block-heading\">Recensie door:\u00a0<a href=\"https:\/\/boekenkrant.com\/recensent\/goedgezelschap-guido\/\">Guido Goedgezelschap<\/a><a href=\"whatsapp:\/\/send?text=Recensie%20Nederlandse%20Literatuur%3A%20En%20garde%20%20%F0%9F%93%96%20Boekenkrant%20-%20Alles%20over%20boeken%0D%0Ahttps%3A%2F%2Fboekenkrant.com%2Frecensie%2Fen-garde%2F\" target=\"_blank\" rel=\"noreferrer noopener\"><\/a><a href=\"mailto:?subject=Recensie%20Nederlandse%20Literatuur%3A%20En%20garde&amp;body=Recensie%20Nederlandse%20Literatuur%3A%20En%20garde%20%20%F0%9F%93%96%20Boekenkrant%20-%20Alles%20over%20boeken%0D%0Ahttps%3A%2F%2Fboekenkrant.com%2Frecensie%2Fen-garde%2F\" target=\"_blank\" rel=\"noreferrer noopener\"><\/a><a href=\"http:\/\/pinterest.com\/pin\/create\/button\/?url=https%3A%2F%2Fboekenkrant.com%2Frecensie%2Fen-garde%2F&amp;media=https%3A%2F%2Fboekenkrant.com%2Fwp-content%2Fuploads%2F2019%2F04%2F3.jpg&amp;description=Recensie%20Nederlandse%20Literatuur%3A%20En%20garde%20%20%F0%9F%93%96%20Boekenkrant%20-%20Alles%20over%20boeken%0D%0Ahttps%3A%2F%2Fboekenkrant.com%2Frecensie%2Fen-garde%2F\" target=\"_blank\" rel=\"noreferrer noopener\"><\/a><a href=\"http:\/\/www.linkedin.com\/shareArticle?mini=true&amp;url=https%3A%2F%2Fboekenkrant.com%2Frecensie%2Fen-garde%2F&amp;title=Recensie%20Nederlandse%20Literatuur%3A%20En%20garde%20%20%F0%9F%93%96%20Boekenkrant%20-%20Alles%20over%20boeken\" target=\"_blank\" rel=\"noreferrer noopener\"><\/a><a href=\"https:\/\/twitter.com\/intent\/tweet?url=https%3A%2F%2Fboekenkrant.com%2Frecensie%2Fen-garde%2F&amp;text=Recensie%20Nederlandse%20Literatuur%3A%20En%20garde%20%20%F0%9F%93%96%20Boekenkrant%20-%20Alles%20over%20boeken\" target=\"_blank\" rel=\"noreferrer noopener\"><\/a><a href=\"https:\/\/www.facebook.com\/sharer\/sharer.php?u=https%3A%2F%2Fboekenkrant.com%2Frecensie%2Fen-garde%2F\" target=\"_blank\" rel=\"noreferrer noopener\"><\/a><\/h4>\n\n\n\n<h2 class=\"wp-block-heading\">Een turbulent leven aan de vooravond van de Franse Revolutie<\/h2>\n\n\n\n<blockquote class=\"wp-block-quote is-layout-flow wp-block-quote-is-layout-flow\">\n<p><em>\u201cAls man moest ik de koning dienen in de veldslagen die we voor hem uitvochten. Met gevaar voor eigen leven heb ik mijn mannen voor de dood bij Vellinghausen weggesleept en heb ik de toorn van de Tsarina getrotseerd. Als vrouw word ik afgedankt en bij het vuil gezet. Tot nader order.<\/em><\/p>\n<\/blockquote>\n\n\n\n<p>Na&nbsp;<em><a href=\"https:\/\/boekenkrant.com\/boek\/de-smeekbede\/\">De smeekbede<\/a>&nbsp;<\/em>(2020), een opgemerkt debuut in het genre historische roman, gaat&nbsp;<a href=\"https:\/\/boekenkrant.com\/auteur\/damen-lianne\/\">Lianne Damen<\/a>&nbsp;(1969) op haar \u00e9lan verder. In&nbsp;<em>En garde&nbsp;<\/em>snijdt zij, voor de tijdsgeest van de 18<sup>e<\/sup>&nbsp;eeuw, een onbespreekbaar thema aan. Er bestond zelfs nog geen woord voor. Bijna driehonderd jaar later is transseksualiteit bespreekbaar, maar of het volledig aanvaard is binnen de huidige maatschappij blijft nog maar de vraag. De auteur is historica, een stabiele basis om zich te verdiepen in politieke, sociale en familiale toestanden uit het vrij recente verleden. Naast haar schrijverscarri\u00e8re is zij ook nog redacteur, scenarioschrijver en ghostwriter.<br><br>Ondanks het feit dat&nbsp;<em>En Garde&nbsp;<\/em>gebaseerd is op een waargebeurd verhaal is het een nadrukkelijk fictieve vertelling. Vele bronnen zijn geraadpleegd maar veel is in de fantasie van de auteur ontstaan.<\/p>\n\n\n\n<p><strong>Charles Genevi\u00e8ve Louis Auguste Andr\u00e9 Timoth\u00e9e d\u2019\u00c9on de Beaumont<\/strong><\/p>\n\n\n\n<p>What\u2019s in a name? Het hoofdpersonage, Charles d\u2019\u00c9on, is alles behalve het stoere jongetje dat zijn vader en zijn omgeving van hem verwachten. Breekbaar en terughoudend, eerder meisje dan jongen, is hij al vlug het onderwerp van plagerijen, pesterijen en fysieke aanvallen. Zijn broers en zussen, behalve Marguerite, schuwen de vernederingen, die hun broer moet verwerken, niet. Zijn vader haat hem maar leert hem wel schermen: een behendigheid waarvoor Charles, het fr\u00eale kereltje, zeer veel talent blijkt te hebben. Tot grote opluchting van zijn vader verlaat Charles de Bourgogne en gaat studeren in Parijs. Hij verblijft er bij zijn oom, een warme thuis. Toch is Charles ook hier in de grootstad een onderwerp van spot, vernederingen en mishandelingen.<\/p>\n\n\n\n<figure class=\"wp-block-image\"><img decoding=\"async\" src=\"https:\/\/schrijven.online\/serve\/www\/delivery\/lg.php?bannerid=2808&amp;campaignid=2350&amp;zoneid=328&amp;loc=https%3A%2F%2Fboekenkrant.com%2Frecensie%2Fen-garde%2F&amp;referer=https%3A%2F%2Fwww.google.com%2F&amp;cb=60c8a8dda3\" alt=\"\"\/><\/figure>\n\n\n\n<blockquote class=\"wp-block-quote is-layout-flow wp-block-quote-is-layout-flow\">\n<p><em>\u201cOp school leerden we dat het vrouwenlichaam inferieur was aan dat van een man, ge\u00efllustreerd aan de hand van tekeningen van Vesalius. Daarop zag ik dat mijn zaakje aan de buitenkant zat, dat van mijn zus zat vanbinnen, gespiegeld. Ik ben altijd blijven hopen dat mijn lichaam zich aan mij zou aanpassen. Dat mijn piemel op een goede morgen verdwenen zou zijn of zich eveneens naar binnen zou keren. Mijn penis, hoe klein ook, was koppig en is gebleven.\u201d<\/em><\/p>\n<\/blockquote>\n\n\n\n<p><strong>Als vrouw op het toneel<\/strong><\/p>\n\n\n\n<p>\u2018d \u00c9on ontwikkelt zich tot een leergierig en goed belezen student. Op het toneel kan hij zijn artistieke talenten uitspelen en vooral de rollen waarin hij een vrouw moet vertolken blijven hem bij. Hij geniet van het succes op de planken en van de begerige blikken van zijn medespelers. Met veel tegenzin moet hij na elke voorstelling zijn vrouwenkleren inwisselen voor zijn mannelijk outfit. Meer en meer groeit de verwarring en zijn genegenheid voor mannen mocht nooit het daglicht zien.<\/p>\n\n\n\n<p><strong>Chevalier \u2018d \u00c9on<\/strong><\/p>\n\n\n\n<p>Het is niet denkbeeldig dat zijn fysieke uitstraling, naast zijn intelligentie en vastberadenheid, een opstapje was naar het Franse Hof. Hoe dan ook was hij in dienst van de Franse Koning een succesvolle spion in Rusland. Zelfs als militair verrichte hij heldendaden. De hoogste militaire eer binnen het Franse leger viel hem ten deel: hij werd een Chevalier, een ridder.<\/p>\n\n\n\n<p><strong>Genevi\u00e8ve<\/strong><\/p>\n\n\n\n<p>Het leven wordt er voor Charles niet gemakkelijker op. Hij wordt als diplomaat uitgestuurd naar Engeland, maar ook hier zorgt zijn uitstraling voor de nodige problemen. Het komt zelfs zo ver dat een Britse rechtbank beslist over de aard van Charles: hij wordt officieel erkend als vrouw en Charles wordt Genevi\u00e8ve. Voortaan beweegt zij zich in de hoogste kringen tussen de vrouwen en ze geniet van de aandacht die aantrekkelijke vrouwen vaak te beurt valt. Is dit nu het leven dat Charles altijd voor ogen had en kan hij zich eindelijk verzoenen met zijn \u2018anders zijn\u2019?<br><br>Lianne Damen snijdt met&nbsp;<em>En Garde&nbsp;<\/em>een heikel thema aan. Met haar tweede historische roman toont zij aan dat transseksualiteit geen \u2018modern\u2019 verzinsel is, integendeel, het is van alle tijden. Mede daarom is het zo verwonderlijk dat alles wat met LGTBQIA+ te maken heeft zelfs in de 21<sup>e<\/sup>&nbsp;eeuw nog al te vaak met een sluier van geheimzinnigheid wordt bedekt, dat velen het nog steeds zien als \u2018abnormaal\u2019 en dat er openlijk afkeurende reacties geuit worden die dan ook nog vaak aanleiding zijn voor fysiek geweld.<br><br>Samen met Charles\/Genevi\u00e8ve neemt de auteur ons mee vanuit de Bourgogne naar Het Franse Hof in Parijs. Van daaruit reizen we naar het Hof van de&nbsp;<a href=\"https:\/\/www.britannica.com\/biography\/Elizabeth-empress-of-Russia\">Tsarina<\/a>&nbsp;in Sint-Petersburg. Na zijn succesvolle passage in Rusland als diplomaat en spion zien we Charles als held op het slagveld in dienst van de Franse Koning. Tenslotte zien we Charles evolueren naar Genevi\u00e8ve in Londen waar zij als begenadigd schermer zaad in het bakje brengt. En wat zeker opvalt en het vermelden waard is: Lianne Damen weet het verhaal op een realistische en historisch verantwoorde manier te kaderen binnen de tijdsgeest van de 18<sup>e<\/sup>&nbsp;eeuw.<br><br>Haar achtergrond als historica is natuurlijk een pluspunt maar het researchwerk voor deze roman, wat ongetwijfeld voorafgegaan is aan dit boek, verdient ook de nodige aandacht. Haar scherpe blik voor details en de karakterisering van haar personages binnen deze context dragen bij tot de geloofwaardigheid en zijn zeker een verantwoording voor het bestaansrecht van&nbsp;<em>En Garde&nbsp;<\/em>als historisch document. De kunst is dan nog om de aandacht van de lezer bij het verhaal te houden: dat doet Damen meer dan voortreffelijk. Haar talent als verhalenverteller zorgt voor voldoende afwisseling in het verhaal zonder de continu\u00efteit uit het oog te verliezen. Het tweedelige verhaal is geschreven in correcte taal, vrij korte, naamloze hoofdstukken en dito zinnen zodat het een vlot leesbaar geheel is geworden. Dit alles draagt ongetwijfeld bij tot het inlevingsvermogen. Dit boek mag je als liefhebber van historische romans zeker niet missen.<\/p>\n\n\n\n<p>(Verschenen in De Boekenkrant, januari 2026)<\/p>\n\n\n\n<p><\/p>\n","protected":false},"excerpt":{"rendered":"<p>Recensie door:\u00a0Guido Goedgezelschap Een turbulent leven aan de vooravond van de Franse Revolutie \u201cAls man moest ik de koning dienen in de veldslagen die we voor hem uitvochten. Met gevaar voor eigen leven heb ik mijn mannen voor de dood bij Vellinghausen weggesleept en heb ik de toorn van de Tsarina getrotseerd. Als vrouw word &hellip; <\/p>\n<p class=\"link-more\"><a href=\"https:\/\/www.liannedamen.nl\/index.php\/de-boekenkrant\/\" class=\"more-link\">Lees verder <span class=\"screen-reader-text\">&#8220;De Boekenkrant&#8221;<\/span><\/a><\/p>\n","protected":false},"author":1,"featured_media":0,"parent":0,"menu_order":0,"comment_status":"closed","ping_status":"closed","template":"","meta":{"footnotes":""},"class_list":["post-2893","page","type-page","status-publish","hentry"],"yoast_head":"<!-- This site is optimized with the Yoast SEO plugin v14.1 - https:\/\/yoast.com\/wordpress\/plugins\/seo\/ -->\n<title>De Boekenkrant - lianne damen<\/title>\n<meta name=\"robots\" content=\"index, follow\" \/>\n<meta name=\"googlebot\" content=\"index, follow, max-snippet:-1, max-image-preview:large, max-video-preview:-1\" \/>\n<meta name=\"bingbot\" content=\"index, follow, max-snippet:-1, max-image-preview:large, max-video-preview:-1\" \/>\n<link rel=\"canonical\" href=\"https:\/\/www.liannedamen.nl\/index.php\/de-boekenkrant\/\" \/>\n<meta property=\"og:locale\" content=\"nl_NL\" \/>\n<meta property=\"og:type\" content=\"article\" \/>\n<meta property=\"og:title\" content=\"De Boekenkrant - lianne damen\" \/>\n<meta property=\"og:description\" content=\"Recensie door:\u00a0Guido Goedgezelschap Een turbulent leven aan de vooravond van de Franse Revolutie \u201cAls man moest ik de koning dienen in de veldslagen die we voor hem uitvochten. Met gevaar voor eigen leven heb ik mijn mannen voor de dood bij Vellinghausen weggesleept en heb ik de toorn van de Tsarina getrotseerd. Als vrouw word &hellip; Lees verder &quot;De Boekenkrant&quot;\" \/>\n<meta property=\"og:url\" content=\"https:\/\/www.liannedamen.nl\/index.php\/de-boekenkrant\/\" \/>\n<meta property=\"og:site_name\" content=\"lianne damen\" \/>\n<meta property=\"article:modified_time\" content=\"2026-01-30T12:55:43+00:00\" \/>\n<meta property=\"og:image\" content=\"https:\/\/schrijven.online\/serve\/www\/delivery\/lg.php?bannerid=2808&#038;campaignid=2350&#038;zoneid=328&#038;loc=https%3A%2F%2Fboekenkrant.com%2Frecensie%2Fen-garde%2F&#038;referer=https%3A%2F%2Fwww.google.com%2F&#038;cb=60c8a8dda3\" \/>\n<meta name=\"twitter:card\" content=\"summary_large_image\" \/>\n<script type=\"application\/ld+json\" class=\"yoast-schema-graph\">{\"@context\":\"https:\/\/schema.org\",\"@graph\":[{\"@type\":\"WebSite\",\"@id\":\"https:\/\/www.liannedamen.nl\/#website\",\"url\":\"https:\/\/www.liannedamen.nl\/\",\"name\":\"lianne damen\",\"description\":\"En garde, De smeekbede en andere projecten       \",\"potentialAction\":[{\"@type\":\"SearchAction\",\"target\":\"https:\/\/www.liannedamen.nl\/?s={search_term_string}\",\"query-input\":\"required name=search_term_string\"}],\"inLanguage\":\"nl-NL\"},{\"@type\":\"ImageObject\",\"@id\":\"https:\/\/www.liannedamen.nl\/index.php\/de-boekenkrant\/#primaryimage\",\"inLanguage\":\"nl-NL\",\"url\":\"https:\/\/schrijven.online\/serve\/www\/delivery\/lg.php?bannerid=2808&amp;campaignid=2350&amp;zoneid=328&amp;loc=https%3A%2F%2Fboekenkrant.com%2Frecensie%2Fen-garde%2F&amp;referer=https%3A%2F%2Fwww.google.com%2F&amp;cb=60c8a8dda3\"},{\"@type\":\"WebPage\",\"@id\":\"https:\/\/www.liannedamen.nl\/index.php\/de-boekenkrant\/#webpage\",\"url\":\"https:\/\/www.liannedamen.nl\/index.php\/de-boekenkrant\/\",\"name\":\"De Boekenkrant - lianne damen\",\"isPartOf\":{\"@id\":\"https:\/\/www.liannedamen.nl\/#website\"},\"primaryImageOfPage\":{\"@id\":\"https:\/\/www.liannedamen.nl\/index.php\/de-boekenkrant\/#primaryimage\"},\"datePublished\":\"2026-01-30T12:54:40+00:00\",\"dateModified\":\"2026-01-30T12:55:43+00:00\",\"inLanguage\":\"nl-NL\",\"potentialAction\":[{\"@type\":\"ReadAction\",\"target\":[\"https:\/\/www.liannedamen.nl\/index.php\/de-boekenkrant\/\"]}]}]}<\/script>\n<!-- \/ Yoast SEO plugin. -->","_links":{"self":[{"href":"https:\/\/www.liannedamen.nl\/index.php\/wp-json\/wp\/v2\/pages\/2893","targetHints":{"allow":["GET"]}}],"collection":[{"href":"https:\/\/www.liannedamen.nl\/index.php\/wp-json\/wp\/v2\/pages"}],"about":[{"href":"https:\/\/www.liannedamen.nl\/index.php\/wp-json\/wp\/v2\/types\/page"}],"author":[{"embeddable":true,"href":"https:\/\/www.liannedamen.nl\/index.php\/wp-json\/wp\/v2\/users\/1"}],"replies":[{"embeddable":true,"href":"https:\/\/www.liannedamen.nl\/index.php\/wp-json\/wp\/v2\/comments?post=2893"}],"version-history":[{"count":2,"href":"https:\/\/www.liannedamen.nl\/index.php\/wp-json\/wp\/v2\/pages\/2893\/revisions"}],"predecessor-version":[{"id":2896,"href":"https:\/\/www.liannedamen.nl\/index.php\/wp-json\/wp\/v2\/pages\/2893\/revisions\/2896"}],"wp:attachment":[{"href":"https:\/\/www.liannedamen.nl\/index.php\/wp-json\/wp\/v2\/media?parent=2893"}],"curies":[{"name":"wp","href":"https:\/\/api.w.org\/{rel}","templated":true}]}}