{"id":1815,"date":"2021-10-26T09:01:11","date_gmt":"2021-10-26T09:01:11","guid":{"rendered":"http:\/\/www.liannedamen.nl\/?page_id=1815"},"modified":"2025-04-24T14:05:57","modified_gmt":"2025-04-24T14:05:57","slug":"zonder-enige-twijfel-indrukwekkend","status":"publish","type":"page","link":"https:\/\/www.liannedamen.nl\/index.php\/zonder-enige-twijfel-indrukwekkend\/","title":{"rendered":"Zonder enige twijfel indrukwekkend"},"content":{"rendered":"\n<p>Door LeesKees \/ augustus 2021 \/ 4\/5 sterren<\/p>\n\n\n\n<p>Na haar studie geschiedenis aan de Universiteit van Utrecht heeft&nbsp;Lianne Damen&nbsp;lange tijd gewerkt als uitgever bij verschillende uitgeverijen. Daarnaast heeft ze een aantal schrijfcursussen aan de schrijversvakschool gevolgd. Behalve als auteur werkt ze op dit moment ook als zelfstandig redacteur en scenarist. Voor de televisie heeft ze de scenario\u2019s geschreven voor&nbsp;<em>Sync<\/em>&nbsp;(2013) en&nbsp;<em>Daan durft<\/em>&nbsp;(2014). Haar korte en prijswinnende verhaal&nbsp;<em>Wilde kust<\/em>&nbsp;verscheen in de bundel&nbsp;<em>Historische verhalen<\/em>. In het voorjaar van 2020 werd haar debuutroman&nbsp;<em>De smeekbede<\/em>&nbsp;uitgegeven, een verhaal dat gebaseerd is op een brief uit 1795.<\/p>\n\n\n\n<p>D\u00e9d\u00e9 is nog maar negen jaar oud als ze ziet dat een meisje van haar leeftijd en dat net in Suriname is gearriveerd gebrandmerkt wordt. Als haar moeder haar het verhaal vertelt hoe zij vanuit Afrika naar Suriname werd getransporteerd, weet ze dat ook zij hetzelfde lot als het meisje moet ondergaan. Ze wordt slavin, eerst op het veld en later in het huis van haar meester Engelbert Kelderman. Hoewel ze het bij hem niet slecht getroffen heeft, realiseert ze zich wel dat ze geen vrije vrouw is. Ze wordt geconfronteerd met het leed dat de veldslaven moeten ondergaan, maar ook met de zich superieur voelende blanken.<\/p>\n\n\n\n<p>Net als veel andere landen heeft ook Nederland een slavernijverleden waar het niet trots op mag zijn. In&nbsp;<em>De smeekbede<\/em>&nbsp;wordt deze zwarte periode uit de vaderlandse geschiedenis aan de kaak gesteld. Het toont de schrijnende omstandigheden waar de vanuit Afrika naar Suriname verbannen mensen aan onderworpen werden, hoe de blanke overheersers zich naar hen opstelden, hoe ze hen behandelden, maar ook hoe ze hen als een minderwaardig wezen beschouwden. Daarnaast geeft het inzicht in de rijkdom van de blanke en de armoe en het mensonwaardige bestaan van de slaven.<\/p>\n\n\n\n<p>Het verhaal heeft twee verhaallijnen, dat van D\u00e9d\u00e9 en dat van Engelbert.&nbsp;<em>De smeekbede<\/em>&nbsp;bestrijkt een periode van ongeveer tachtig jaar en de lezer volgt de levensloop van beide personages, uiteraard bezien vanuit hun eigen perspectief. Hij merkt dan dat Kelderman eigenlijk niet eens de meest slechte is en dat D\u00e9d\u00e9, ondanks haar situatie, ook wel krachtig is. Het verhaal van D\u00e9d\u00e9 is aanvankelijk het meest interessant, in dat van Engelbert zijn dan vrij veel feiten verwerkt. Dat wordt anders als Kelderman besluit naar Suriname te vertrekken en D\u00e9d\u00e9 als huisslaaf neemt. Dan komen hun levens samen, maar ook beide subplots raken elkaar steeds meer, hoewel ze nergens volledig samenvloeien. Wel zijn ze uiteraard onlosmakelijk met elkaar verbonden.<\/p>\n\n\n\n<p>De schrijfstijl van de auteur is bijzonder beeldend en inlevend. De lezer kan zich uitstekend voorstellen wat de slaven hebben moeten doorstaan, vooral op de momenten dat ze voor straf met de zweep gegeseld werden of een straf in de vorm van de Spaanse bok kregen. Dan zie je beelden voor je die bepaald niet prettig zijn. Toch is het niet alleen kommer en kwel, want ook mooie momenten worden door Damen prima weergegeven. Denk daarbij onder andere aan de moeder-zoonrelatie tussen D\u00e9d\u00e9 en Ant\u00f3, dan voel je, ondanks alle ellende waar ze mee te kampen hebben, heel duidelijk de liefde die er tussen hen bestaat.<\/p>\n\n\n\n<p>Hoewel het verhaal in het begin even op gang moet komen, gaat het naarmate de plot vordert steeds meer boeien en intrigeren. Het is overduidelijk dat Damen zich in de materie heeft verdiept en weet waar ze het over heeft.&nbsp;<em>De smeekbede<\/em>&nbsp;is een debuut waar Damen trots op mag zijn en zonder enige twijfel indrukwekkend is.<\/p>\n\n\n\n<p>Waardering: 4\/5<\/p>\n","protected":false},"excerpt":{"rendered":"<p>Door LeesKees \/ augustus 2021 \/ 4\/5 sterren Na haar studie geschiedenis aan de Universiteit van Utrecht heeft&nbsp;Lianne Damen&nbsp;lange tijd gewerkt als uitgever bij verschillende uitgeverijen. Daarnaast heeft ze een aantal schrijfcursussen aan de schrijversvakschool gevolgd. Behalve als auteur werkt ze op dit moment ook als zelfstandig redacteur en scenarist. Voor de televisie heeft ze &hellip; <\/p>\n<p class=\"link-more\"><a href=\"https:\/\/www.liannedamen.nl\/index.php\/zonder-enige-twijfel-indrukwekkend\/\" class=\"more-link\">Lees verder <span class=\"screen-reader-text\">&#8220;Zonder enige twijfel indrukwekkend&#8221;<\/span><\/a><\/p>\n","protected":false},"author":1,"featured_media":0,"parent":0,"menu_order":0,"comment_status":"closed","ping_status":"closed","template":"","meta":{"footnotes":""},"class_list":["post-1815","page","type-page","status-publish","hentry"],"yoast_head":"<!-- This site is optimized with the Yoast SEO plugin v14.1 - https:\/\/yoast.com\/wordpress\/plugins\/seo\/ -->\n<title>Zonder enige twijfel indrukwekkend - lianne damen<\/title>\n<meta name=\"description\" content=\"De debuutroman De smeekbede is zonder enige twijfel indrukwekkend.\" \/>\n<meta name=\"robots\" content=\"index, follow\" \/>\n<meta name=\"googlebot\" content=\"index, follow, max-snippet:-1, max-image-preview:large, max-video-preview:-1\" \/>\n<meta name=\"bingbot\" content=\"index, follow, max-snippet:-1, max-image-preview:large, max-video-preview:-1\" \/>\n<link rel=\"canonical\" href=\"http:\/\/www.liannedamen.nl\/index.php\/zonder-enige-twijfel-indrukwekkend\/\" \/>\n<meta property=\"og:locale\" content=\"nl_NL\" \/>\n<meta property=\"og:type\" content=\"article\" \/>\n<meta property=\"og:title\" content=\"Zonder enige twijfel indrukwekkend - lianne damen\" \/>\n<meta property=\"og:description\" content=\"De debuutroman De smeekbede is zonder enige twijfel indrukwekkend.\" \/>\n<meta property=\"og:url\" content=\"http:\/\/www.liannedamen.nl\/index.php\/zonder-enige-twijfel-indrukwekkend\/\" \/>\n<meta property=\"og:site_name\" content=\"lianne damen\" \/>\n<meta property=\"article:modified_time\" content=\"2025-04-24T14:05:57+00:00\" \/>\n<meta name=\"twitter:card\" content=\"summary_large_image\" \/>\n<script type=\"application\/ld+json\" class=\"yoast-schema-graph\">{\"@context\":\"https:\/\/schema.org\",\"@graph\":[{\"@type\":\"WebSite\",\"@id\":\"https:\/\/www.liannedamen.nl\/#website\",\"url\":\"https:\/\/www.liannedamen.nl\/\",\"name\":\"lianne damen\",\"description\":\"En garde, De smeekbede en andere projecten       \",\"potentialAction\":[{\"@type\":\"SearchAction\",\"target\":\"https:\/\/www.liannedamen.nl\/?s={search_term_string}\",\"query-input\":\"required name=search_term_string\"}],\"inLanguage\":\"nl-NL\"},{\"@type\":\"WebPage\",\"@id\":\"http:\/\/www.liannedamen.nl\/index.php\/zonder-enige-twijfel-indrukwekkend\/#webpage\",\"url\":\"http:\/\/www.liannedamen.nl\/index.php\/zonder-enige-twijfel-indrukwekkend\/\",\"name\":\"Zonder enige twijfel indrukwekkend - lianne damen\",\"isPartOf\":{\"@id\":\"https:\/\/www.liannedamen.nl\/#website\"},\"datePublished\":\"2021-10-26T09:01:11+00:00\",\"dateModified\":\"2025-04-24T14:05:57+00:00\",\"description\":\"De debuutroman De smeekbede is zonder enige twijfel indrukwekkend.\",\"inLanguage\":\"nl-NL\",\"potentialAction\":[{\"@type\":\"ReadAction\",\"target\":[\"http:\/\/www.liannedamen.nl\/index.php\/zonder-enige-twijfel-indrukwekkend\/\"]}]}]}<\/script>\n<!-- \/ Yoast SEO plugin. -->","_links":{"self":[{"href":"https:\/\/www.liannedamen.nl\/index.php\/wp-json\/wp\/v2\/pages\/1815","targetHints":{"allow":["GET"]}}],"collection":[{"href":"https:\/\/www.liannedamen.nl\/index.php\/wp-json\/wp\/v2\/pages"}],"about":[{"href":"https:\/\/www.liannedamen.nl\/index.php\/wp-json\/wp\/v2\/types\/page"}],"author":[{"embeddable":true,"href":"https:\/\/www.liannedamen.nl\/index.php\/wp-json\/wp\/v2\/users\/1"}],"replies":[{"embeddable":true,"href":"https:\/\/www.liannedamen.nl\/index.php\/wp-json\/wp\/v2\/comments?post=1815"}],"version-history":[{"count":2,"href":"https:\/\/www.liannedamen.nl\/index.php\/wp-json\/wp\/v2\/pages\/1815\/revisions"}],"predecessor-version":[{"id":2441,"href":"https:\/\/www.liannedamen.nl\/index.php\/wp-json\/wp\/v2\/pages\/1815\/revisions\/2441"}],"wp:attachment":[{"href":"https:\/\/www.liannedamen.nl\/index.php\/wp-json\/wp\/v2\/media?parent=1815"}],"curies":[{"name":"wp","href":"https:\/\/api.w.org\/{rel}","templated":true}]}}