{"id":1716,"date":"2021-07-23T09:27:26","date_gmt":"2021-07-23T09:27:26","guid":{"rendered":"http:\/\/www.liannedamen.nl\/?page_id=1716"},"modified":"2026-04-08T11:12:51","modified_gmt":"2026-04-08T11:12:51","slug":"agenda","status":"publish","type":"page","link":"https:\/\/www.liannedamen.nl\/index.php\/agenda\/","title":{"rendered":"Agenda"},"content":{"rendered":"\n<figure class=\"wp-block-image size-large\"><img loading=\"lazy\" decoding=\"async\" width=\"1024\" height=\"1024\" src=\"https:\/\/www.liannedamen.nl\/wp-content\/uploads\/2026\/04\/agendalijst-april-1024x1024.jpeg\" alt=\"\" class=\"wp-image-3017\" srcset=\"https:\/\/www.liannedamen.nl\/wp-content\/uploads\/2026\/04\/agendalijst-april-1024x1024.jpeg 1024w, https:\/\/www.liannedamen.nl\/wp-content\/uploads\/2026\/04\/agendalijst-april-300x300.jpeg 300w, https:\/\/www.liannedamen.nl\/wp-content\/uploads\/2026\/04\/agendalijst-april-150x150.jpeg 150w, https:\/\/www.liannedamen.nl\/wp-content\/uploads\/2026\/04\/agendalijst-april-768x768.jpeg 768w, https:\/\/www.liannedamen.nl\/wp-content\/uploads\/2026\/04\/agendalijst-april-100x100.jpeg 100w, https:\/\/www.liannedamen.nl\/wp-content\/uploads\/2026\/04\/agendalijst-april.jpeg 1080w\" sizes=\"auto, (max-width: 767px) 89vw, (max-width: 1000px) 54vw, (max-width: 1071px) 543px, 580px\" \/><\/figure>\n\n\n\n<p>Op <strong>vrijdag 11 september 2026<\/strong> ben ik samen met collega-schrijver Brigitte de Swart te gast bij Jos\u00e9 Ferdinandusse in het Betje Wolff Museum in Middenbeemster. We worden door Alexander Reeuwijk ge\u00efnterviewd over onze boeken: <em>In licht bevroren <\/em>over Emmy Andriesse en <em>En garde<\/em> over d&#8217;\u00c9on. Aanvang: 20.00 uur.<\/p>\n\n\n\n<p>Op <strong>dinsdag 28 april 2026<\/strong> geef ik een (besloten) lezing bij de Rotary Noord.<\/p>\n\n\n\n<p>Op <strong>zaterdag 28 maart 2026<\/strong> signeerde ik in Boekhandel van Noord, Amsterdam.<\/p>\n\n\n\n<p>Op <strong>vrijdag 20 maart 2026<\/strong> (vanaf 15.00 uur) kon je met me in gesprek in de Bibliotheek Waterland in de vestiging Landsmeer aan de Calkoenstraat 27. Boekhandel Van Noord was erbij. Inclusief signeersessie. <a href=\"https:\/\/bibliotheekwaterland.op-shop.nl\/6179\/in-gesprek-met-auteur-lianne-damen\/20-03-2026\">Aanmelden <\/a>via de bibliotheek.<\/p>\n\n\n\n<p>Op vrijdagmiddag <strong>23 januari  2026<\/strong> van 16.00 tot 17.00 uur was ik samen met collega-schrijver Brigitte de Swart te gast in de Bilthovense Boekhandel. We werden door Bea Rigter ge\u00efnterviewd over onze boeken: <em>In licht bevroren <\/em>over Emmy Andriesse en <em>En garde<\/em> over d&#8217;\u00c9on. Reserveren via&nbsp;<a href=\"mailto:info@bilthovenseboekhandel.nl\">info@bilthovenseboekhandel.nl<\/a>&nbsp;of in de winkel.&nbsp;<\/p>\n\n\n\n<p>Op donderdagavond <strong>22 januari 2026<\/strong> (20.00 &#8211; 21.30 uur) was ik te gast bij de leesclub van de Rijnlandse Boekhandel in Oegstgeest. Er was plek voor maximaal 15 deelnemers. Tickets waren te reserveren via <a href=\"mailto:info@rijnlandseboekhandel.nl\">info@rijnlandseboekhandel.nl<\/a>.<\/p>\n\n\n\n<p>Op zaterdagmiddag <strong>17 januari 2026<\/strong> (15.30- 17.30 uur) was ik samen met collega-schrijver Brigitte de Swart te gast in boekhandel De omslag van Margot Osse in Rosmalen. We werden ge\u00efnterviewd door Ward de Moor, met wie ik in een grijs verleden samen in de redactie van een studentenblad zat! Aanmelden kon via <a href=\"mailto:contact@boekhandeldeomslag.nl\">contact@boekhandeldeomslag.nl<\/a>.<\/p>\n\n\n\n<p>Op maandagavond <strong>15 december 2025<\/strong> was ik te gast in <em>In de platenkast<\/em> <em>van <\/em>bij Pieter Tinbergen, een radioprogramma van Salto Radio Amsterdam. Ik was daar in juni 2021 ook al in de studio! Het interview is t<a href=\"https:\/\/www.salto.nl\/player\/in-de-platenkast-van\/\">erug te luisteren<\/a> bij Salto.nl. <\/p>\n\n\n\n<p>Woensdagavond <strong>5 november<\/strong> <strong>2025 <\/strong>was ik samen met collega-schrijver Brigitte de Swart te gast bij Jos\u00e9 Ferdinandusse en boekhandel &#8217;t Pakhuys in Edam. We worden door Alexander Reeuwijk ge\u00efnterviewd over onze boeken: <em>In licht bevroren <\/em>over Emmy Andriesse en <em>En garde<\/em> over d&#8217;\u00c9on. Aanvang: 20.00 uur, inloop vanaf 19.30 uur. Entree: \u20ac10,00. Reserveren via&nbsp;<a href=\"mailto:info@pakhuysboeken.nl\">info@pakhuysboeken.nl<\/a>&nbsp;of in de winkel.&nbsp;<\/p>\n\n\n\n<p>Op zondagavond <strong>2 november<\/strong> <strong>2025<\/strong> was ik tussen 24.00 en 1.00 uur te gast in het radioprogramma <em>Wat blijft<\/em> (Human) op radio 1 om met presentator en interviewer Lara Billie Rense over <em>En garde<\/em> te praten.<\/p>\n\n\n\n<p>Op maandag <strong>27 januari 2025<\/strong> gaf ik les over <em>De smeekbede<\/em> aan tweedeklassers op het <a href=\"https:\/\/marnixgymnasium.nl\/\">Marnix Gymnasium<\/a> in Rotterdam. <a href=\"https:\/\/deschrijverscentrale.nl\/auteurs\/1518992\">De Schrijverscentrale<\/a> bemiddelde.<\/p>\n\n\n\n<p>Op zaterdag <strong>19 oktober 2024<\/strong> gaven fiscaal jurist en archiefonderzoeker (RAZU) Freek van Toor en ik een lezing in de <a href=\"https:\/\/www.liannedamen.nl\/index.php\/2024\/10\/08\/vianen-en-het-slavernijverleden-zuivere-koffie\/\">Bibliotheek van Vianen<\/a> met als titel <em>Vianen en het slavernijverleden, zuivere koffie?<\/em><\/p>\n\n\n\n<p>Van <strong>23 juni tot 24 november 2024<\/strong> was in Stedelijk Museum Vianen de tentoonstelling <em>Hedendaagse kunst uit Suriname<\/em> te zien. Vanaf januari 2025 te zien in Moengo, Suriname. Aanleiding vormde <em>De smeekbede<\/em> die zich deels afspeelt in Vianen.<\/p>\n\n\n\n<p>Op zondag <strong>29 oktober 2023<\/strong> hield ik een lezing\/voordracht in het <a href=\"https:\/\/www.rolandholstfonds.nl\/schrijvershuis\/\">Roland Holsthuis in Bergen<\/a>, waar ik in februari een maand verbleef. Het is dan de laatste zondag van de <a href=\"https:\/\/dekunst10daagse.nl\/\">Kunst10daagse<\/a>.<\/p>\n\n\n\n<p>Vanaf <strong>18 mei<\/strong> <strong>2023<\/strong> is <em>De smeekbede<\/em> te beluisteren op <a href=\"https:\/\/www.storytel.com\/nl\/books\/de-smeekbede-1401898\">Storytel<\/a>. Het verhaal is ingesproken door Noraly Beyer!<\/p>\n\n\n\n<p><strong><a href=\"https:\/\/www.kobratheater.nl\/de-smeekbede\/\">Kobra Theaterproducties<\/a><\/strong>&nbsp;bracht in het theaterseizoen 2023\/24&nbsp;<em>De Smeekbede<\/em>&nbsp;als toneelstuk. De premi\u00e8re is op zondag <strong>15 oktober 2023<\/strong> in DeLaMar in Amsterdam. De complete speellijst vind je op de site van de theaterproducent.<\/p>\n\n\n<div class=\"wp-block-image is-resized\">\n<figure class=\"aligncenter size-large\"><a href=\"https:\/\/www.youtube.com\/watch?v=kEjx7RWyahc\"><img loading=\"lazy\" decoding=\"async\" width=\"1024\" height=\"650\" src=\"https:\/\/www.liannedamen.nl\/wp-content\/uploads\/2023\/05\/Korthals-Stuurman-Theaterproducties-1-1024x650.png\" alt=\"\" class=\"wp-image-2055\" style=\"width:628px;height:auto\" srcset=\"https:\/\/www.liannedamen.nl\/wp-content\/uploads\/2023\/05\/Korthals-Stuurman-Theaterproducties-1-1024x650.png 1024w, https:\/\/www.liannedamen.nl\/wp-content\/uploads\/2023\/05\/Korthals-Stuurman-Theaterproducties-1-300x190.png 300w, https:\/\/www.liannedamen.nl\/wp-content\/uploads\/2023\/05\/Korthals-Stuurman-Theaterproducties-1-768x488.png 768w, https:\/\/www.liannedamen.nl\/wp-content\/uploads\/2023\/05\/Korthals-Stuurman-Theaterproducties-1.png 1326w\" sizes=\"auto, (max-width: 767px) 89vw, (max-width: 1000px) 54vw, (max-width: 1071px) 543px, 580px\" \/><\/a><\/figure><\/div>\n\n\n<p>Op zondag <strong>29 oktober<\/strong> keer ik terug naar het Roland Holsthuis in Bergen voor een <strong>lezing<\/strong> in het kader van de Bergense kunsttiendaagse. Om 12 uur aan de Nesdijk 7, Bergen.<\/p>\n\n\n\n<p>Op het moment staan er geen lezingen van Vrouwen Schrijven Geschiedenis gepland. Hieronder een terugblik.<\/p>\n\n\n\n<figure class=\"wp-block-image size-large is-resized\"><img loading=\"lazy\" decoding=\"async\" width=\"1024\" height=\"185\" src=\"http:\/\/www.liannedamen.nl\/wp-content\/uploads\/2021\/07\/banner-vrouwen-schrijven-geschiedenis-1024x185.jpg\" alt=\"\" class=\"wp-image-1712\" style=\"width:616px;height:111px\" srcset=\"https:\/\/www.liannedamen.nl\/wp-content\/uploads\/2021\/07\/banner-vrouwen-schrijven-geschiedenis-1024x185.jpg 1024w, https:\/\/www.liannedamen.nl\/wp-content\/uploads\/2021\/07\/banner-vrouwen-schrijven-geschiedenis-300x54.jpg 300w, https:\/\/www.liannedamen.nl\/wp-content\/uploads\/2021\/07\/banner-vrouwen-schrijven-geschiedenis-768x139.jpg 768w, https:\/\/www.liannedamen.nl\/wp-content\/uploads\/2021\/07\/banner-vrouwen-schrijven-geschiedenis-1536x277.jpg 1536w, https:\/\/www.liannedamen.nl\/wp-content\/uploads\/2021\/07\/banner-vrouwen-schrijven-geschiedenis-2048x370.jpg 2048w\" sizes=\"auto, (max-width: 767px) 89vw, (max-width: 1000px) 54vw, (max-width: 1071px) 543px, 580px\" \/><\/figure>\n\n\n\n<div class=\"wp-block-group\"><div class=\"wp-block-group__inner-container is-layout-flow wp-block-group-is-layout-flow\">\n<div class=\"wp-block-media-text alignwide has-media-on-the-right\" style=\"grid-template-columns:auto 37%\"><div class=\"wp-block-media-text__content\">\n<p>Eerdere optreden waren in het najaar van 2021 in Huis73, Den Bosch. In het kader van de&nbsp;<a href=\"https:\/\/www.huis73.nl\/lees-wat-anders\/maand-van-het-schrijven.html\">Maand van het Schrijven<\/a>. Interviewer: <a href=\"http:\/\/www.alexanderreeuwijk.nl\/\">Alexander Reeuwijk<\/a>.  <\/p>\n\n\n\n<p> In de Doopgezinde Vermaning in Edam. In samenwerking met Boekhandel &#8217;t Pakhuys. In het kader van de&nbsp;<a href=\"https:\/\/www.maandvandegeschiedenis.nl\/page\/21121\/vrouwen-schrijven-geschiedenis\">Maand van de Geschiedenis<\/a>. Interviewer: <a href=\"http:\/\/www.alexanderreeuwijk.nl\/\">Alexander Reeuwijk<\/a>.  <\/p>\n\n\n\n<p>Met Bea Rigter in Theater het Lichtruim in Bilthoven. In samenwerking met de Bilthovense Boekhandel. In het kader van de&nbsp;<a href=\"https:\/\/www.maandvandegeschiedenis.nl\/page\/21121\/vrouwen-schrijven-geschiedenis\">Maand van de Geschiedenis<\/a>.  <\/p>\n\n\n\n<p>In de Bibliotheek Utrecht. Interviewer: Grietje Braaksma van Boekhandel Broese.  <\/p>\n<\/div><figure class=\"wp-block-media-text__media\"><img loading=\"lazy\" decoding=\"async\" width=\"295\" height=\"288\" src=\"http:\/\/www.liannedamen.nl\/wp-content\/uploads\/2023\/01\/vierkant-logo-VSG-1.jpg\" alt=\"\" class=\"wp-image-1927 size-full\"\/><\/figure><\/div>\n<\/div><\/div>\n\n\n\n<div class=\"wp-block-media-text alignwide\" style=\"grid-template-columns:15% auto\"><figure class=\"wp-block-media-text__media\"><img loading=\"lazy\" decoding=\"async\" width=\"130\" height=\"130\" src=\"https:\/\/www.liannedamen.nl\/wp-content\/uploads\/2021\/10\/uu.bmp\" alt=\"\" class=\"wp-image-1808 size-full\"\/><\/figure><div class=\"wp-block-media-text__content\">\n<p>Op donderdagavond 4 november 2021 gaf ik een <a href=\"https:\/\/www.uu.nl\/agenda\/de-totstandkoming-van-debuutroman-de-smeekbede\">lezing <\/a>in de Sweelinckzaal aan de Drift in Utrecht. Interview door <a href=\"https:\/\/marijkehuisman.com\/\">Marijke Huisman<\/a>.   <\/p>\n<\/div><\/div>\n\n\n\n<div class=\"wp-block-media-text alignwide has-media-on-the-right\" style=\"grid-template-columns:auto 15%\"><div class=\"wp-block-media-text__content\">\n<p>Maandag 12 oktober 2020 en woensdag 20 oktober 2021: werkcollege Public History aan de Universiteit Utrecht, met Marieke Huisman en Steven Schouten. Dit waren besloten bijeenkomsten. <\/p>\n<\/div><figure class=\"wp-block-media-text__media\"><img loading=\"lazy\" decoding=\"async\" width=\"130\" height=\"130\" src=\"https:\/\/www.liannedamen.nl\/wp-content\/uploads\/2021\/10\/uu-1.bmp\" alt=\"\" class=\"wp-image-1809 size-full\"\/><\/figure><\/div>\n\n\n\n<div class=\"wp-block-media-text alignwide\" style=\"grid-template-columns:26% auto\"><figure class=\"wp-block-media-text__media\"><img loading=\"lazy\" decoding=\"async\" width=\"988\" height=\"488\" src=\"https:\/\/www.liannedamen.nl\/wp-content\/uploads\/2021\/10\/logo-uva-amsterdam.jpg\" alt=\"\" class=\"wp-image-1810 size-full\" srcset=\"https:\/\/www.liannedamen.nl\/wp-content\/uploads\/2021\/10\/logo-uva-amsterdam.jpg 988w, https:\/\/www.liannedamen.nl\/wp-content\/uploads\/2021\/10\/logo-uva-amsterdam-300x148.jpg 300w, https:\/\/www.liannedamen.nl\/wp-content\/uploads\/2021\/10\/logo-uva-amsterdam-768x379.jpg 768w\" sizes=\"auto, (max-width: 767px) 89vw, (max-width: 1000px) 54vw, (max-width: 1071px) 543px, 580px\" \/><\/figure><div class=\"wp-block-media-text__content\">\n<p>Op 4 maart 2022 werkcollege Universiteit van Amsterdam bij hoogleraar Caribische Letteren  Michiel van Kempen. Besloten bijeenkomst. <\/p>\n<\/div><\/div>\n\n\n\n<p><\/p>\n","protected":false},"excerpt":{"rendered":"<p>Op vrijdag 11 september 2026 ben ik samen met collega-schrijver Brigitte de Swart te gast bij Jos\u00e9 Ferdinandusse in het Betje Wolff Museum in Middenbeemster. We worden door Alexander Reeuwijk ge\u00efnterviewd over onze boeken: In licht bevroren over Emmy Andriesse en En garde over d&#8217;\u00c9on. Aanvang: 20.00 uur. Op dinsdag 28 april 2026 geef ik &hellip; <\/p>\n<p class=\"link-more\"><a href=\"https:\/\/www.liannedamen.nl\/index.php\/agenda\/\" class=\"more-link\">Lees verder <span class=\"screen-reader-text\">&#8220;Agenda&#8221;<\/span><\/a><\/p>\n","protected":false},"author":1,"featured_media":0,"parent":0,"menu_order":0,"comment_status":"closed","ping_status":"closed","template":"","meta":{"footnotes":""},"class_list":["post-1716","page","type-page","status-publish","hentry"],"yoast_head":"<!-- This site is optimized with the Yoast SEO plugin v14.1 - https:\/\/yoast.com\/wordpress\/plugins\/seo\/ -->\n<title>Agenda - lianne damen<\/title>\n<meta name=\"description\" content=\"Wil je weten waar er lezingen zijn zover En garde of De Smeekbede, kijk dan in de agenda.\" \/>\n<meta name=\"robots\" content=\"index, follow\" \/>\n<meta name=\"googlebot\" content=\"index, follow, max-snippet:-1, max-image-preview:large, max-video-preview:-1\" \/>\n<meta name=\"bingbot\" content=\"index, follow, max-snippet:-1, max-image-preview:large, max-video-preview:-1\" \/>\n<link rel=\"canonical\" href=\"https:\/\/www.liannedamen.nl\/index.php\/agenda\/\" \/>\n<meta property=\"og:locale\" content=\"nl_NL\" \/>\n<meta property=\"og:type\" content=\"article\" \/>\n<meta property=\"og:title\" content=\"Agenda - lianne damen\" \/>\n<meta property=\"og:description\" content=\"Wil je weten waar er lezingen zijn zover En garde of De Smeekbede, kijk dan in de agenda.\" \/>\n<meta property=\"og:url\" content=\"https:\/\/www.liannedamen.nl\/index.php\/agenda\/\" \/>\n<meta property=\"og:site_name\" content=\"lianne damen\" \/>\n<meta property=\"article:modified_time\" content=\"2026-04-08T11:12:51+00:00\" \/>\n<meta property=\"og:image\" content=\"https:\/\/www.liannedamen.nl\/wp-content\/uploads\/2026\/04\/agendalijst-april-1024x1024.jpeg\" \/>\n<meta name=\"twitter:card\" content=\"summary_large_image\" \/>\n<script type=\"application\/ld+json\" class=\"yoast-schema-graph\">{\"@context\":\"https:\/\/schema.org\",\"@graph\":[{\"@type\":\"WebSite\",\"@id\":\"https:\/\/www.liannedamen.nl\/#website\",\"url\":\"https:\/\/www.liannedamen.nl\/\",\"name\":\"lianne damen\",\"description\":\"En garde, De smeekbede en andere projecten       \",\"potentialAction\":[{\"@type\":\"SearchAction\",\"target\":\"https:\/\/www.liannedamen.nl\/?s={search_term_string}\",\"query-input\":\"required name=search_term_string\"}],\"inLanguage\":\"nl-NL\"},{\"@type\":\"ImageObject\",\"@id\":\"https:\/\/www.liannedamen.nl\/index.php\/agenda\/#primaryimage\",\"inLanguage\":\"nl-NL\",\"url\":\"https:\/\/www.liannedamen.nl\/wp-content\/uploads\/2026\/04\/agendalijst-april.jpeg\",\"width\":1080,\"height\":1080},{\"@type\":\"WebPage\",\"@id\":\"https:\/\/www.liannedamen.nl\/index.php\/agenda\/#webpage\",\"url\":\"https:\/\/www.liannedamen.nl\/index.php\/agenda\/\",\"name\":\"Agenda - lianne damen\",\"isPartOf\":{\"@id\":\"https:\/\/www.liannedamen.nl\/#website\"},\"primaryImageOfPage\":{\"@id\":\"https:\/\/www.liannedamen.nl\/index.php\/agenda\/#primaryimage\"},\"datePublished\":\"2021-07-23T09:27:26+00:00\",\"dateModified\":\"2026-04-08T11:12:51+00:00\",\"description\":\"Wil je weten waar er lezingen zijn zover En garde of De Smeekbede, kijk dan in de agenda.\",\"inLanguage\":\"nl-NL\",\"potentialAction\":[{\"@type\":\"ReadAction\",\"target\":[\"https:\/\/www.liannedamen.nl\/index.php\/agenda\/\"]}]}]}<\/script>\n<!-- \/ Yoast SEO plugin. -->","_links":{"self":[{"href":"https:\/\/www.liannedamen.nl\/index.php\/wp-json\/wp\/v2\/pages\/1716","targetHints":{"allow":["GET"]}}],"collection":[{"href":"https:\/\/www.liannedamen.nl\/index.php\/wp-json\/wp\/v2\/pages"}],"about":[{"href":"https:\/\/www.liannedamen.nl\/index.php\/wp-json\/wp\/v2\/types\/page"}],"author":[{"embeddable":true,"href":"https:\/\/www.liannedamen.nl\/index.php\/wp-json\/wp\/v2\/users\/1"}],"replies":[{"embeddable":true,"href":"https:\/\/www.liannedamen.nl\/index.php\/wp-json\/wp\/v2\/comments?post=1716"}],"version-history":[{"count":55,"href":"https:\/\/www.liannedamen.nl\/index.php\/wp-json\/wp\/v2\/pages\/1716\/revisions"}],"predecessor-version":[{"id":3018,"href":"https:\/\/www.liannedamen.nl\/index.php\/wp-json\/wp\/v2\/pages\/1716\/revisions\/3018"}],"wp:attachment":[{"href":"https:\/\/www.liannedamen.nl\/index.php\/wp-json\/wp\/v2\/media?parent=1716"}],"curies":[{"name":"wp","href":"https:\/\/api.w.org\/{rel}","templated":true}]}}