{"id":1697,"date":"2021-06-25T10:10:32","date_gmt":"2021-06-25T10:10:32","guid":{"rendered":"http:\/\/www.liannedamen.nl\/?page_id=1697"},"modified":"2021-06-25T10:10:32","modified_gmt":"2021-06-25T10:10:32","slug":"hebban-prachtige-historische-roman","status":"publish","type":"page","link":"https:\/\/www.liannedamen.nl\/index.php\/hebban-prachtige-historische-roman\/","title":{"rendered":"Hebban: Prachtige historische roman"},"content":{"rendered":"\n<p>\u00a0Door\u00a0Eus Wijnhoven \/ Hebban \/ 6 juni 2021 \/ ****<\/p>\n\n\n\n<p>\u2019De smeekbede\u2019 is het verhaal van D\u00e9d\u00e9\/\u2019Willemien\u2019 van Kelderman, een slaafgemaakte vrouw die werkt op Surinaamse plantages. We zien haar opgroeien van jong meisje tot aan haar laatste dagen, als zij de negentig is gepasseerd. Ooit is haar moeder als zoutwaterneger \u2013 \u2018verse\u2019 slaven \u2013 uit Afrika naar Suriname gehaald. Het verhaal speelt zich grotendeels in de tweede helft van de achttiende eeuw af. De achternaam van D\u00e9d\u00e9 is een flexibele: zij is in bezit van de Utrechtse jurist Engelbert Kelderman.<br><br>Engelbert Kelderman verneemt van zijn vrienden dat er in Suriname goud geld te verdienen is. Het beheer van een of meerdere plantages of \u2013 beter nog \u2013 het bezit ervan, is de snelste manier om rijk te worden. Hij besluit de stoute schoenen aan te trekken en laat vrouw en (drie) kinderen achter in Vianen. Een aantal plantages zal hij in Suriname besturen, waarbij hij zich vooral toelegt of plantage Portorico. Daar gaat hij wonen.<br>Als het jonge meisje D\u00e9d\u00e9 eens moet bijspringen in de keuken, blijkt dat zij al snel goed kan koken. Dat bespaart haar het zware veldwerk. Wanneer zij verliefd wordt op de zeven jaar oudere Quassi en na drie onvoldragen zwangerschappen zoon Ant\u00f3 wordt geboren, lijkt hun leven volmaakt, voor zover mogelijk onder de gegeven omstandigheden. Aan dat geluk komt echter weldra een einde.<br><br>Na de komst van Engelbert is het leven van de slaven iets minder onvoorspelbaar. In geval Engelbert in de buurt is, is de kans kleiner dat de blankofficier hen zweept of erger. Vanuit een diepgewortelde geloofsovertuiging vindt Engelbert dat ieder mens als gelijke behandeld dient te worden, al kent \u2018gelijke\u2019 twee zeer uiteenlopende gradaties. In verhouding met andere plantagehouders kan de man echter als mild worden omschreven. Het leven blijft echter voor veel slaafgemaakten een hel.<br><br>\u201cDe vrouw was uitgeblust, haar vuur gedoofd, haar geest geknapt, haar lichaam ingestort en verkruimeld. Niet vermangeld door het molenrad, niet verdronken in zee of in een sloot, niet kapotgeslagen en leeggebloed, maar simpelweg uitgewrongen.\u201d<br><br>Meerdere familieleden van Kelderman komen over naar Suriname, al blijven zijn vrouw Antoinette en hun kinderen in Nederland achter. De familie krijgt het zwaar te verduren en in 1788 verhuist Engelbert terug naar Nederland. Zijn zoon Gerard neemt zijn taken in Suriname over. Gerard is een dromer, een heel ander typ dan zijn doortastende, branieachtige kameraad Jan Kuvel. Al decennia zijn de kookkunsten van \u2018Willemien\u2019 vermaard, zij blijft in al die jaren de scepter over de keuken zwaaien. Ook zij zal op zeker moment naar Nederland afreizen, waar zij ruim twee jaar als kokkin van een nichtje van Kelderman functioneert. D\u00e9d\u00e9 leert Antoinette kennen en verbaast zich erover dat de vrouw haar nagenoeg als een gelijke behandelt. Dit tot groot ongenoegen van haar vriendinnen. Als zij weer terugkeert naar Suriname, bevreesd of zij haar zoon Ant\u00f3 daar nog zal aantreffen of niet, heeft zij een manumissie bij zich. Deze vrijbrief is haar belangrijkste bezit: eindelijk is zij vrijgemaakt. Of dat in de Surinaamse praktijk daadwerkelijk de verwachte gevolgen zal hebben, zal zij eerst moeten bevechten.<br><br>Met \u2018De smeekbede\u2019 heeft Damen een prachtige historische roman geschreven die een realistische kijk geeft op zowel de slaventochten als het leven op de verschillende plantages. Opkomst en ondergang van Nederlandse families, dood en verderf onder slaven en blanken. Verwacht geen boek waarin vooral met het vingertje gezwaaid wordt. Voor zover mogelijk probeert Damen een genuanceerde kijk te geven op het leven van D\u00e9d\u00e9. Het boek is gebaseerd op een brief van D\u00e9d\u00e9 aan haar voormalig eigenaar in Utrecht, een brief die in 1988 werd ontdekt. Buiten het feit dat het een leerzaam verhaal is, is het een genot om te lezen, ook door de gebezigde historische terminologie die Damen hanteert in de beschrijving van de dagelijkse gang van zaken.<\/p>\n","protected":false},"excerpt":{"rendered":"<p>\u00a0Door\u00a0Eus Wijnhoven \/ Hebban \/ 6 juni 2021 \/ **** \u2019De smeekbede\u2019 is het verhaal van D\u00e9d\u00e9\/\u2019Willemien\u2019 van Kelderman, een slaafgemaakte vrouw die werkt op Surinaamse plantages. We zien haar opgroeien van jong meisje tot aan haar laatste dagen, als zij de negentig is gepasseerd. Ooit is haar moeder als zoutwaterneger \u2013 \u2018verse\u2019 slaven \u2013 &hellip; <\/p>\n<p class=\"link-more\"><a href=\"https:\/\/www.liannedamen.nl\/index.php\/hebban-prachtige-historische-roman\/\" class=\"more-link\">Lees verder <span class=\"screen-reader-text\">&#8220;Hebban: Prachtige historische roman&#8221;<\/span><\/a><\/p>\n","protected":false},"author":1,"featured_media":0,"parent":0,"menu_order":0,"comment_status":"closed","ping_status":"closed","template":"","meta":{"footnotes":""},"class_list":["post-1697","page","type-page","status-publish","hentry"],"yoast_head":"<!-- This site is optimized with the Yoast SEO plugin v14.1 - https:\/\/yoast.com\/wordpress\/plugins\/seo\/ -->\n<title>Hebban: Prachtige historische roman - lianne damen<\/title>\n<meta name=\"robots\" content=\"index, follow\" \/>\n<meta name=\"googlebot\" content=\"index, follow, max-snippet:-1, max-image-preview:large, max-video-preview:-1\" \/>\n<meta name=\"bingbot\" content=\"index, follow, max-snippet:-1, max-image-preview:large, max-video-preview:-1\" \/>\n<link rel=\"canonical\" href=\"http:\/\/www.liannedamen.nl\/index.php\/hebban-prachtige-historische-roman\/\" \/>\n<meta property=\"og:locale\" content=\"nl_NL\" \/>\n<meta property=\"og:type\" content=\"article\" \/>\n<meta property=\"og:title\" content=\"Hebban: Prachtige historische roman - lianne damen\" \/>\n<meta property=\"og:description\" content=\"\u00a0Door\u00a0Eus Wijnhoven \/ Hebban \/ 6 juni 2021 \/ **** \u2019De smeekbede\u2019 is het verhaal van D\u00e9d\u00e9\/\u2019Willemien\u2019 van Kelderman, een slaafgemaakte vrouw die werkt op Surinaamse plantages. We zien haar opgroeien van jong meisje tot aan haar laatste dagen, als zij de negentig is gepasseerd. Ooit is haar moeder als zoutwaterneger \u2013 \u2018verse\u2019 slaven \u2013 &hellip; Lees verder &quot;Hebban: Prachtige historische roman&quot;\" \/>\n<meta property=\"og:url\" content=\"http:\/\/www.liannedamen.nl\/index.php\/hebban-prachtige-historische-roman\/\" \/>\n<meta property=\"og:site_name\" content=\"lianne damen\" \/>\n<meta name=\"twitter:card\" content=\"summary_large_image\" \/>\n<script type=\"application\/ld+json\" class=\"yoast-schema-graph\">{\"@context\":\"https:\/\/schema.org\",\"@graph\":[{\"@type\":\"WebSite\",\"@id\":\"https:\/\/www.liannedamen.nl\/#website\",\"url\":\"https:\/\/www.liannedamen.nl\/\",\"name\":\"lianne damen\",\"description\":\"En garde, De smeekbede en andere projecten       \",\"potentialAction\":[{\"@type\":\"SearchAction\",\"target\":\"https:\/\/www.liannedamen.nl\/?s={search_term_string}\",\"query-input\":\"required name=search_term_string\"}],\"inLanguage\":\"nl-NL\"},{\"@type\":\"WebPage\",\"@id\":\"http:\/\/www.liannedamen.nl\/index.php\/hebban-prachtige-historische-roman\/#webpage\",\"url\":\"http:\/\/www.liannedamen.nl\/index.php\/hebban-prachtige-historische-roman\/\",\"name\":\"Hebban: Prachtige historische roman - lianne damen\",\"isPartOf\":{\"@id\":\"https:\/\/www.liannedamen.nl\/#website\"},\"datePublished\":\"2021-06-25T10:10:32+00:00\",\"dateModified\":\"2021-06-25T10:10:32+00:00\",\"inLanguage\":\"nl-NL\",\"potentialAction\":[{\"@type\":\"ReadAction\",\"target\":[\"http:\/\/www.liannedamen.nl\/index.php\/hebban-prachtige-historische-roman\/\"]}]}]}<\/script>\n<!-- \/ Yoast SEO plugin. -->","_links":{"self":[{"href":"https:\/\/www.liannedamen.nl\/index.php\/wp-json\/wp\/v2\/pages\/1697","targetHints":{"allow":["GET"]}}],"collection":[{"href":"https:\/\/www.liannedamen.nl\/index.php\/wp-json\/wp\/v2\/pages"}],"about":[{"href":"https:\/\/www.liannedamen.nl\/index.php\/wp-json\/wp\/v2\/types\/page"}],"author":[{"embeddable":true,"href":"https:\/\/www.liannedamen.nl\/index.php\/wp-json\/wp\/v2\/users\/1"}],"replies":[{"embeddable":true,"href":"https:\/\/www.liannedamen.nl\/index.php\/wp-json\/wp\/v2\/comments?post=1697"}],"version-history":[{"count":1,"href":"https:\/\/www.liannedamen.nl\/index.php\/wp-json\/wp\/v2\/pages\/1697\/revisions"}],"predecessor-version":[{"id":1698,"href":"https:\/\/www.liannedamen.nl\/index.php\/wp-json\/wp\/v2\/pages\/1697\/revisions\/1698"}],"wp:attachment":[{"href":"https:\/\/www.liannedamen.nl\/index.php\/wp-json\/wp\/v2\/media?parent=1697"}],"curies":[{"name":"wp","href":"https:\/\/api.w.org\/{rel}","templated":true}]}}