{"id":1317,"date":"2020-11-26T15:19:42","date_gmt":"2020-11-26T15:19:42","guid":{"rendered":"http:\/\/www.liannedamen.nl\/?page_id=1317"},"modified":"2022-12-22T12:22:24","modified_gmt":"2022-12-22T12:22:24","slug":"daan-durft","status":"publish","type":"page","link":"https:\/\/www.liannedamen.nl\/index.php\/daan-durft\/","title":{"rendered":"Jeugdfilm: Daan durft"},"content":{"rendered":"\n<p class=\"has-text-align-left\">In opdracht van<a href=\"https:\/\/www.ijswater.nl\/producties\/daan-durft\/\"> IJswater <\/a>en KRO\/NCRV schreef Lianne Damen de korte jeugdfilm&nbsp;<em>Daan durft<\/em>, die <a href=\"https:\/\/www.marisanders.nl\/portfolio\/daan-durft\/\">Mari Sanders<\/a> regisseerde. De films was op 16 augustus 2014 op televisie te zien (Z@pp, NPO 3) en daarna enkele weken te bekijken op de website van Z@pp. Ook werd de film vertoond op het Nederlandse Film Festival (2014) in Utrecht en tijdens Cinekid in Amsterdam (2014).<\/p>\n\n\n\n<p class=\"has-text-align-center\"><em><strong>Wanneer Daan (9) de oude zwemmedailles van zijn moeder ontdekt, laait zijn liefde voor de zwemsport op. Maar als moeder hem vertelt dat zij door hartproblemen het zwemmen niet aankon, staat Daan voor de keus: stelt hij zijn bezorgde moeder gerust of zwemt hij tegen haar wil in toch zijn droom achterna? <\/strong><\/em><\/p>\n\n\n\n<p class=\"has-text-align-left\"><em>Daan durft&nbsp;<\/em>werd in het kader van de EBU Eurovision Drama Exchange \u2013 een jaarlijks uitwisselingsprogramma van Europese televisieomroepen \u2013 gemaakt en op tv uitgezonden in Duitsland, Kroati\u00eb, Wales, Sloveni\u00eb, Tsjechi\u00eb en UK.<\/p>\n\n\n\n<div class=\"wp-block-media-text alignwide has-media-on-the-right\" style=\"grid-template-columns:auto 17%\"><figure class=\"wp-block-media-text__media\"><img decoding=\"async\" src=\"http:\/\/www.ampersand-ampersandproducties.nl\/wp-content\/uploads\/images1.jpg\" alt=\"\"\/><\/figure><div class=\"wp-block-media-text__content\">\n<p><strong>Bekijk op Facebook de <a href=\"https:\/\/www.facebook.com\/watch\/?v=10152685575372587\">Q&amp;A<\/a> met regisseur Mari Sanders en Lianne Damen (scenario) op het <a href=\"https:\/\/www.goshort.nl\/?gclid=EAIaIQobChMIx_nX1IOo7QIVGOh3Ch2haQDLEAAYASAAEgLL0vD_BwE\">Go Short Festival<\/a> in Nijmegen 9 april 2015 <\/strong><\/p>\n<\/div><\/div>\n\n\n\n<h4 class=\"wp-block-heading\"><em>Daan durft&nbsp;<\/em>werd in totaal voor&nbsp;<strong>35 <\/strong>festivals geselecteerd<\/h4>\n\n\n\n<figure class=\"wp-block-image size-large\"><img loading=\"lazy\" decoding=\"async\" width=\"1000\" height=\"165\" src=\"https:\/\/www.liannedamen.nl\/wp-content\/uploads\/2020\/11\/nff_liggend.jpg\" alt=\"\" class=\"wp-image-1324\" srcset=\"https:\/\/www.liannedamen.nl\/wp-content\/uploads\/2020\/11\/nff_liggend.jpg 1000w, https:\/\/www.liannedamen.nl\/wp-content\/uploads\/2020\/11\/nff_liggend-300x50.jpg 300w, https:\/\/www.liannedamen.nl\/wp-content\/uploads\/2020\/11\/nff_liggend-768x127.jpg 768w\" sizes=\"auto, (max-width: 767px) 89vw, (max-width: 1000px) 54vw, (max-width: 1071px) 543px, 580px\" \/><\/figure>\n\n\n\n<p>* El Festival Internacional de Cine para Ni\u00f1os, Mexico (8 \u2013 13 augustus 2017);<br>* ZERO PLUS International Film Festival, Tyumen, Rusland (27 november \u2013 3 december 2016);<br>* Fan Chile. Festival Audiovisual para ni\u00f1os, Chili (7 \u2013 10 september 2016);<br>* Ojo de Pescado Festival in Valpara\u00edso, Chili (20 \u2013 27 augustus 2016);<br>* World Festival of Emerging Cinema (WFEC) in St. Augustine, Trinidad en Tobago (19 \u2013 22 mei 2016);<br>* Izmir International Short Film Festival in Izmir, Turkije (19 \u2013 26 november 2015);<br>* KINOdiseea International Children`s Film Festival in Boekarest, Roemeni\u00eb (13 \u2013 18 november 2015);<br>* vertoning op scholen tijdens Cinemagic Festival in Belfast, Groot-Brittanni\u00eb (9 oktober \u2013 4 november 2015;<br>* International Childrens TV Festival\u00a0<em>Dytiatko\u00a0<\/em>in Charkov, Ukraine (23 \u2013 26 september 2015);<br>* Visionaria International Film Festival in Castelnuovo Berardenga (Siena), Itali\u00eb (8 \u2013 17 oktober 2015);<br>* Uppsala International Short Film Festival \/ Children\u2019s Film Festival in Uppsala, Zweden (19 \u2013 25 oktober 2015);<br>* Half Ticket Selectie van het Jio Mami Film Festival in Mumbai, India (29 oktober \u2013 5 november);<br>* Bumbershoot Music and Arts Festival, International Film Festival in Seattle, VS (5 -7 september 2015);<br>* Short Form\/Kratka Forma \u2013 International Short Film Festival in Gornji Milanovac, Servi\u00eb (19 \u2013 24 september 2015);<br>* International Film Festival Nueva Mirada for Children and Youth in Buenos Aires, Argentini\u00eb (27 augustus \u2013 2 september 2015);\u00a0<strong>special mention<\/strong> <strong>Cortometraje (kort)<\/strong><br>* Palermo International Sport Film Festival in Palermo, Itali\u00eb (22-25 juli 2015), genomineerd in drie categorie\u00ebn;<br>* BUSTER \u2013 International Film Festival for Children and Youth in Kopenhagen, Denemarken (14 \u2013 27 september 2015);<br>* Tumbleweed FilmFestival in Oroville, Washington, VS (29 juli \u2013 1 augustus 2015);<br>* Seoul International Youth Film Festival in Seoul, Korea (5 \u2013 12 augustus 2015), categorie Kid\u2019s Eye;<br>* Kaliber35 Munich International Short Film Festival, M\u00fcnchen, Duitsland (2015);<br>* Xpo North, Inverness, Schotland (10 \u2013 11 juni 2015);<br>* KINOLUB International Film Festival for Children and Youth in Krakau, Polen (14-18 juni 2015), main competition;<br>* Seattle International Film Festival in Seattle, VS (14-26 mei 2015);<br>* Flensburger Kurzfilmtage \u2018Rolle Vorw\u00e4rts\u2019 in Flensburg, Duitsland (20 tot 22 mei 2015);<br>* IndieLisboa Festival, Portugal (23 april \u2013 3 mei 2015), geselecteerd voor categorie IndieJunior;<br>* Go Short \u2013 International Short Film Festival Nijmegen (8 \u2013 12 April 2015), met Q&A;<br>* Festival International du Film d\u2019Aubagne (FIFA), Aubagne, Frankrijk (16 tot 21 maart 2015). De film doet mee in de korte-filmcompetitie in de categorie fictie;<br>* TIFF Kids International Film Festival in Toronto, Canada (7 tot 19 april 2015);<br>* Bridge Film Fest in Mitrovica, Kosovo (6 \u2013 11 oktober 2014). De film maakte deel uit van de offici\u00eble competitie;<br>* BCN Sports Film \u2013 6th Barcelona International FiCTS Festival, Barcelona (5 \u2013 mei 2015);<br>* Children\u2019s International Film Festival, Dubai (23 mei \u2013 2 april 2015). Competitie voor \u2018Audience Choice Awards for International Short\u2019;<br>* International Festival of Sport Movies in Krasnogorski, Rusland (2015);<br>* Overtime Films Festival de Tem\u00e1tica Deportiva in Mexicali, Mexico (18 \u2013 20 maart 2015);<br>* Cinekid Festival in Amsterdam, Nederland (11 \u2013 18 oktober 2014);<br>* Educatieprogramma van het Nederlands Film Festival in Utrecht, Nederland (24 september \u2013 3 oktober 2014), met een Q&amp;A van regisseur Mari Sanders en scenarist Lianne Damen. <\/p>\n\n\n\n<div class=\"wp-block-image\"><figure class=\"aligncenter size-large is-resized\"><img loading=\"lazy\" decoding=\"async\" src=\"https:\/\/www.liannedamen.nl\/wp-content\/uploads\/2020\/11\/10374981_581965851921040_4660476201864707492_n-1.jpg\" alt=\"\" class=\"wp-image-1326\" width=\"544\" height=\"769\" srcset=\"https:\/\/www.liannedamen.nl\/wp-content\/uploads\/2020\/11\/10374981_581965851921040_4660476201864707492_n-1.jpg 370w, https:\/\/www.liannedamen.nl\/wp-content\/uploads\/2020\/11\/10374981_581965851921040_4660476201864707492_n-1-212x300.jpg 212w\" sizes=\"auto, (max-width: 544px) 100vw, 544px\" \/><\/figure><\/div>\n\n\n\n<p><strong>Cast  <\/strong>Jorrit de Jong ; Bas Keijzer ; Marleen Scholten<\/p>\n\n\n\n<p><strong>Regie<\/strong> Mari Sanders<\/p>\n\n\n\n<p><strong>Scenario<\/strong> Lianne Damen naar een idee van Jan-Willem Bult<\/p>\n\n\n\n<p><strong>Producent  <\/strong>Marc Bary (IJswater Films) (Eline van Hagen ; Steven Rubinstein Malamud)<\/p>\n\n\n\n<p><strong>Co-producent  <\/strong>KRO Jeugd (eindredactie Brigitte Baake)<\/p>\n\n\n\n<p><strong>D.O.P.  <\/strong>Sal Kroonenberg<\/p>\n\n\n\n<p><strong>Production design  <\/strong>Tim Balk<\/p>\n\n\n\n<p><strong>Editor  <\/strong>Stanley Kolk<\/p>\n\n\n\n<p><strong>Casting  <\/strong>Elskes Kast &amp; Kemna Casting<\/p>\n\n\n\n<p><strong>Sound design &amp; mixage<\/strong> Martijn Helle Warnier \/Posta<\/p>\n\n\n\n<p><strong>Postproductie<\/strong>: Storm Post Production<\/p>\n\n\n\n<p><strong>Productieleiding <\/strong>Paul Overste<\/p>\n\n\n\n<p><strong>Composer <\/strong>Bart Westerlaken<\/p>\n\n\n\n<p><strong>Geluid<\/strong> Taco Drijfhout<\/p>\n\n\n\n<p><strong>Make-up &amp; haar<\/strong> Ine Langenhuizen<\/p>\n\n\n\n<p><strong>Kostuumontwerp<\/strong>: Maxa van Panhuis<\/p>\n\n\n\n<p><strong>1e Ad <\/strong>Damien Hope<\/p>\n","protected":false},"excerpt":{"rendered":"<p>In opdracht van IJswater en KRO\/NCRV schreef Lianne Damen de korte jeugdfilm&nbsp;Daan durft, die Mari Sanders regisseerde. De films was op 16 augustus 2014 op televisie te zien (Z@pp, NPO 3) en daarna enkele weken te bekijken op de website van Z@pp. Ook werd de film vertoond op het Nederlandse Film Festival (2014) in Utrecht &hellip; <\/p>\n<p class=\"link-more\"><a href=\"https:\/\/www.liannedamen.nl\/index.php\/daan-durft\/\" class=\"more-link\">Lees verder <span class=\"screen-reader-text\">&#8220;Jeugdfilm: Daan durft&#8221;<\/span><\/a><\/p>\n","protected":false},"author":1,"featured_media":0,"parent":0,"menu_order":0,"comment_status":"closed","ping_status":"closed","template":"","meta":{"footnotes":""},"class_list":["post-1317","page","type-page","status-publish","hentry"],"yoast_head":"<!-- This site is optimized with the Yoast SEO plugin v14.1 - https:\/\/yoast.com\/wordpress\/plugins\/seo\/ -->\n<title>Jeugdfilm: Daan durft - lianne damen<\/title>\n<meta name=\"description\" content=\"Jeugdfilm Daan durft: Wanneer Daan (9) de oude zwemmedailles van zijn moeder ontdekt, laait zijn liefde voor de zwemsport op. Maar als moeder hem vertelt dat zij door hartproblemen het zwemmen niet aankon, staat Daan voor de keus: stelt hij zijn bezorgde moeder gerust of zwemt hij tegen haar wil in toch zijn droom achterna?\" \/>\n<meta name=\"robots\" content=\"index, follow\" \/>\n<meta name=\"googlebot\" content=\"index, follow, max-snippet:-1, max-image-preview:large, max-video-preview:-1\" \/>\n<meta name=\"bingbot\" content=\"index, follow, max-snippet:-1, max-image-preview:large, max-video-preview:-1\" \/>\n<link rel=\"canonical\" href=\"http:\/\/www.liannedamen.nl\/index.php\/daan-durft\/\" \/>\n<meta property=\"og:locale\" content=\"nl_NL\" \/>\n<meta property=\"og:type\" content=\"article\" \/>\n<meta property=\"og:title\" content=\"Jeugdfilm: Daan durft - lianne damen\" \/>\n<meta property=\"og:description\" content=\"Jeugdfilm Daan durft: Wanneer Daan (9) de oude zwemmedailles van zijn moeder ontdekt, laait zijn liefde voor de zwemsport op. Maar als moeder hem vertelt dat zij door hartproblemen het zwemmen niet aankon, staat Daan voor de keus: stelt hij zijn bezorgde moeder gerust of zwemt hij tegen haar wil in toch zijn droom achterna?\" \/>\n<meta property=\"og:url\" content=\"http:\/\/www.liannedamen.nl\/index.php\/daan-durft\/\" \/>\n<meta property=\"og:site_name\" content=\"lianne damen\" \/>\n<meta property=\"article:modified_time\" content=\"2022-12-22T12:22:24+00:00\" \/>\n<meta property=\"og:image\" content=\"http:\/\/www.ampersand-ampersandproducties.nl\/wp-content\/uploads\/images1.jpg\" \/>\n<meta name=\"twitter:card\" content=\"summary_large_image\" \/>\n<script type=\"application\/ld+json\" class=\"yoast-schema-graph\">{\"@context\":\"https:\/\/schema.org\",\"@graph\":[{\"@type\":\"WebSite\",\"@id\":\"https:\/\/www.liannedamen.nl\/#website\",\"url\":\"https:\/\/www.liannedamen.nl\/\",\"name\":\"lianne damen\",\"description\":\"En garde, De smeekbede en andere projecten       \",\"potentialAction\":[{\"@type\":\"SearchAction\",\"target\":\"https:\/\/www.liannedamen.nl\/?s={search_term_string}\",\"query-input\":\"required name=search_term_string\"}],\"inLanguage\":\"nl-NL\"},{\"@type\":\"ImageObject\",\"@id\":\"http:\/\/www.liannedamen.nl\/index.php\/daan-durft\/#primaryimage\",\"inLanguage\":\"nl-NL\",\"url\":\"http:\/\/www.ampersand-ampersandproducties.nl\/wp-content\/uploads\/images1.jpg\"},{\"@type\":\"WebPage\",\"@id\":\"http:\/\/www.liannedamen.nl\/index.php\/daan-durft\/#webpage\",\"url\":\"http:\/\/www.liannedamen.nl\/index.php\/daan-durft\/\",\"name\":\"Jeugdfilm: Daan durft - lianne damen\",\"isPartOf\":{\"@id\":\"https:\/\/www.liannedamen.nl\/#website\"},\"primaryImageOfPage\":{\"@id\":\"http:\/\/www.liannedamen.nl\/index.php\/daan-durft\/#primaryimage\"},\"datePublished\":\"2020-11-26T15:19:42+00:00\",\"dateModified\":\"2022-12-22T12:22:24+00:00\",\"description\":\"Jeugdfilm Daan durft: Wanneer Daan (9) de oude zwemmedailles van zijn moeder ontdekt, laait zijn liefde voor de zwemsport op. Maar als moeder hem vertelt dat zij door hartproblemen het zwemmen niet aankon, staat Daan voor de keus: stelt hij zijn bezorgde moeder gerust of zwemt hij tegen haar wil in toch zijn droom achterna?\",\"inLanguage\":\"nl-NL\",\"potentialAction\":[{\"@type\":\"ReadAction\",\"target\":[\"http:\/\/www.liannedamen.nl\/index.php\/daan-durft\/\"]}]}]}<\/script>\n<!-- \/ Yoast SEO plugin. -->","_links":{"self":[{"href":"https:\/\/www.liannedamen.nl\/index.php\/wp-json\/wp\/v2\/pages\/1317","targetHints":{"allow":["GET"]}}],"collection":[{"href":"https:\/\/www.liannedamen.nl\/index.php\/wp-json\/wp\/v2\/pages"}],"about":[{"href":"https:\/\/www.liannedamen.nl\/index.php\/wp-json\/wp\/v2\/types\/page"}],"author":[{"embeddable":true,"href":"https:\/\/www.liannedamen.nl\/index.php\/wp-json\/wp\/v2\/users\/1"}],"replies":[{"embeddable":true,"href":"https:\/\/www.liannedamen.nl\/index.php\/wp-json\/wp\/v2\/comments?post=1317"}],"version-history":[{"count":13,"href":"https:\/\/www.liannedamen.nl\/index.php\/wp-json\/wp\/v2\/pages\/1317\/revisions"}],"predecessor-version":[{"id":1875,"href":"https:\/\/www.liannedamen.nl\/index.php\/wp-json\/wp\/v2\/pages\/1317\/revisions\/1875"}],"wp:attachment":[{"href":"https:\/\/www.liannedamen.nl\/index.php\/wp-json\/wp\/v2\/media?parent=1317"}],"curies":[{"name":"wp","href":"https:\/\/api.w.org\/{rel}","templated":true}]}}