{"id":1310,"date":"2020-11-26T15:00:48","date_gmt":"2020-11-26T15:00:48","guid":{"rendered":"http:\/\/www.liannedamen.nl\/?page_id=1310"},"modified":"2020-11-29T15:08:39","modified_gmt":"2020-11-29T15:08:39","slug":"sync","status":"publish","type":"page","link":"https:\/\/www.liannedamen.nl\/index.php\/sync\/","title":{"rendered":"Korte film: Sync"},"content":{"rendered":"\n<p class=\"has-text-align-left\">Een gezamenlijke commissie van het Nederlands Filmfonds, het Mediafonds en de NTR koos het scenario&nbsp;<em>SYNC&nbsp;<\/em>uit voor KORT!, het jaarlijkse project voor de korte film (2013). Bekijk de film op&nbsp;<a href=\"http:\/\/go.ntr.nl\/sync\">http:\/\/go.ntr.nl\/sync<\/a>. Producent Marc Bary (<a href=\"https:\/\/www.ijswater.nl\/producties\/sync\/\">IJswater Films<\/a>) en regisseur <a href=\"https:\/\/www.marisanders.nl\/portfolio\/sync\/\">Mari Sanders<\/a>.<\/p>\n\n\n\n<p class=\"has-text-align-center\"><strong><em>Iris en Kimberly, twee Brabantse hartsvriendinnen, delen een passie: synchroonzwemmen. Ze zijn al zo lang een duo, dat hun hele leven synchroon lijkt te gaan. Wanneer de dag van de grote wedstrijd aanbreekt, wordt behalve hun talent ook hun vriendschap op de proef gesteld. Zijn ze allebei gemotiveerd genoeg de perfectie vol te houden? Is hun vriendschap wel zo harmonieus? <\/em><\/strong><\/p>\n\n\n\n<p class=\"has-text-align-left\">De film beleefde tijdens het Nederlands Film Festival 2013 zijn bioscooppremi\u00e8re en werd door de NTR op tv uitgezonden.&nbsp;<a href=\"http:\/\/www.filmfestival.nl\/publiek\/films\/kort-sync\">http:\/\/www.filmfestival.nl\/publiek\/films\/kort-sync<\/a><\/p>\n\n\n\n<h4 class=\"wp-block-heading\"><em>Sync&nbsp;<\/em>is voor&nbsp;<strong>twaalf<\/strong>&nbsp;internationale festivals geselecteerd<\/h4>\n\n\n\n<p>* International Festival of Short Film&nbsp;<em>The Unprecedented Cinema<\/em>&nbsp;in Tallinn, Estland (1-6 juni 2016);<br>* Fife (International Sports Film Festival) in Rio de Janeiro, Brazili\u00eb (1-14 oktober 2015);<br>* FICAIJ Festival Internacional de Cine y Audiovisual Infantil y Juvenil (Venezuela 25-20 mei 2015);<br>* Short Form\/Kratka Forma \u2013 International Short Film Festival (Gornji Milanovac, Servi\u00eb 19-24 september 2015);<br>* Palermo International Sport Film Festival (Palermo, Itali\u00eb 22-25 juli 2015). Genomineerd in vijf categorie\u00ebn.&nbsp;<strong>Prijs voor beste fotografie.<\/strong><br>* 32nd Festival Cinematografico Internacional del Uruguay (Montevideo, Uruguay 2014)<br>* BCN Sports Film Festival (Barcelona, Spanje 2014);<br>* Odense International Film Festival (Odense, Denemarken 2014);<br>* 8th Psarokokalo International Short Film Festival (Athene, Griekenland 2014);<br>* FERFILM International Film Festival (Ferizaj, Kosovo 2014);<br>* International TV Festival Bar (Bar, Montenegro 2013);<br>* Nederlands Film Festival (Utrecht, Nederland 2013, premi\u00e8re).<\/p>\n\n\n\n<figure class=\"wp-block-image size-large\"><img loading=\"lazy\" decoding=\"async\" width=\"780\" height=\"480\" src=\"https:\/\/www.liannedamen.nl\/wp-content\/uploads\/2020\/11\/261771_385921668192127_1573755852_n.jpg\" alt=\"\" class=\"wp-image-1311\" srcset=\"https:\/\/www.liannedamen.nl\/wp-content\/uploads\/2020\/11\/261771_385921668192127_1573755852_n.jpg 780w, https:\/\/www.liannedamen.nl\/wp-content\/uploads\/2020\/11\/261771_385921668192127_1573755852_n-300x185.jpg 300w, https:\/\/www.liannedamen.nl\/wp-content\/uploads\/2020\/11\/261771_385921668192127_1573755852_n-768x473.jpg 768w\" sizes=\"auto, (max-width: 767px) 89vw, (max-width: 1000px) 54vw, (max-width: 1071px) 543px, 580px\" \/><\/figure>\n\n\n\n<p><strong>Cast  <\/strong>Jennifer Welts ; Elodie Hooftman ; Niels Gomperts; Milan Boele van Hensbroek; Frank Lammers<\/p>\n\n\n\n<p><strong>Regie<\/strong>: Mari Sanders<\/p>\n\n\n\n<p><strong>Scenario<\/strong>: Lianne Damen<\/p>\n\n\n\n<p><strong>Producent  <\/strong>Marc Bary (Eline van Hagen)<\/p>\n\n\n\n<p><strong>D.O.P  <\/strong>Sal Kroonenberg<\/p>\n\n\n\n<p><strong>Production design  <\/strong>Ben Zuydwijk<\/p>\n\n\n\n<p><strong>Postproductie <\/strong>Storm Post Production<\/p>\n\n\n\n<p><strong>Editor <\/strong>Saskia Kievits<\/p>\n\n\n\n<p><strong>Eindredactie NTR<\/strong> Marina Blok<\/p>\n\n\n\n<p><strong>Casting  <\/strong>Kemna Casting Houdijn Beekhuis<\/p>\n\n\n\n<p><strong>Kostuumontwerp <\/strong>Lynn van Eck<\/p>\n\n\n\n<p><strong>Make-up &amp; haar<\/strong> Ine Langenhuizen<\/p>\n\n\n\n<p><strong>Sound design  <\/strong>Nardi van Dijk \u2013 Warnier\/Posta<\/p>\n\n\n\n<p><strong>Geluid <\/strong>Victor Dekker<\/p>\n\n\n\n<p><strong>Composer  <\/strong>Ralph Timmermans<\/p>\n\n\n\n<p><strong>1e Ad <\/strong>Pieter Veenhof <\/p>\n\n\n\n<p><strong>Productieleiding <\/strong>Maranka Pool <\/p>\n\n\n\n<figure class=\"wp-block-image size-large\"><img loading=\"lazy\" decoding=\"async\" width=\"763\" height=\"480\" src=\"https:\/\/www.liannedamen.nl\/wp-content\/uploads\/2020\/11\/292367_386444348139859_763722047_n.jpg\" alt=\"\" class=\"wp-image-1312\" srcset=\"https:\/\/www.liannedamen.nl\/wp-content\/uploads\/2020\/11\/292367_386444348139859_763722047_n.jpg 763w, https:\/\/www.liannedamen.nl\/wp-content\/uploads\/2020\/11\/292367_386444348139859_763722047_n-300x189.jpg 300w\" sizes=\"auto, (max-width: 706px) 89vw, (max-width: 767px) 82vw, 740px\" \/><\/figure>\n\n\n\n<figure class=\"wp-block-image size-large\"><img loading=\"lazy\" decoding=\"async\" width=\"960\" height=\"593\" src=\"https:\/\/www.liannedamen.nl\/wp-content\/uploads\/2020\/11\/1148902_427973537320273_1819173030_n.jpg\" alt=\"\" class=\"wp-image-1313\" srcset=\"https:\/\/www.liannedamen.nl\/wp-content\/uploads\/2020\/11\/1148902_427973537320273_1819173030_n.jpg 960w, https:\/\/www.liannedamen.nl\/wp-content\/uploads\/2020\/11\/1148902_427973537320273_1819173030_n-300x185.jpg 300w, https:\/\/www.liannedamen.nl\/wp-content\/uploads\/2020\/11\/1148902_427973537320273_1819173030_n-768x474.jpg 768w\" sizes=\"auto, (max-width: 767px) 89vw, (max-width: 1000px) 54vw, (max-width: 1071px) 543px, 580px\" \/><\/figure>\n","protected":false},"excerpt":{"rendered":"<p>Een gezamenlijke commissie van het Nederlands Filmfonds, het Mediafonds en de NTR koos het scenario&nbsp;SYNC&nbsp;uit voor KORT!, het jaarlijkse project voor de korte film (2013). Bekijk de film op&nbsp;http:\/\/go.ntr.nl\/sync. Producent Marc Bary (IJswater Films) en regisseur Mari Sanders. Iris en Kimberly, twee Brabantse hartsvriendinnen, delen een passie: synchroonzwemmen. Ze zijn al zo lang een duo, &hellip; <\/p>\n<p class=\"link-more\"><a href=\"https:\/\/www.liannedamen.nl\/index.php\/sync\/\" class=\"more-link\">Lees verder <span class=\"screen-reader-text\">&#8220;Korte film: Sync&#8221;<\/span><\/a><\/p>\n","protected":false},"author":1,"featured_media":0,"parent":0,"menu_order":0,"comment_status":"closed","ping_status":"closed","template":"","meta":{"footnotes":""},"class_list":["post-1310","page","type-page","status-publish","hentry"],"yoast_head":"<!-- This site is optimized with the Yoast SEO plugin v14.1 - https:\/\/yoast.com\/wordpress\/plugins\/seo\/ -->\n<title>Korte film: Sync - lianne damen<\/title>\n<meta name=\"description\" content=\"Korte film Sync: Iris en Kimberly, twee Brabantse hartsvriendinnen, delen een passie: synchroonzwemmen. Ze zijn al zo lang een duo, dat hun hele leven synchroon lijkt te gaan. Wanneer de dag van de grote wedstrijd aanbreekt, wordt behalve hun talent ook hun vriendschap op de proef gesteld. Zijn ze allebei gemotiveerd genoeg de perfectie vol te houden? Is hun vriendschap wel zo harmonieus? Korte film\" \/>\n<meta name=\"robots\" content=\"index, follow\" \/>\n<meta name=\"googlebot\" content=\"index, follow, max-snippet:-1, max-image-preview:large, max-video-preview:-1\" \/>\n<meta name=\"bingbot\" content=\"index, follow, max-snippet:-1, max-image-preview:large, max-video-preview:-1\" \/>\n<link rel=\"canonical\" href=\"http:\/\/www.liannedamen.nl\/index.php\/sync\/\" \/>\n<meta property=\"og:locale\" content=\"nl_NL\" \/>\n<meta property=\"og:type\" content=\"article\" \/>\n<meta property=\"og:title\" content=\"Korte film: Sync - lianne damen\" \/>\n<meta property=\"og:description\" content=\"Korte film Sync: Iris en Kimberly, twee Brabantse hartsvriendinnen, delen een passie: synchroonzwemmen. Ze zijn al zo lang een duo, dat hun hele leven synchroon lijkt te gaan. Wanneer de dag van de grote wedstrijd aanbreekt, wordt behalve hun talent ook hun vriendschap op de proef gesteld. Zijn ze allebei gemotiveerd genoeg de perfectie vol te houden? Is hun vriendschap wel zo harmonieus? Korte film\" \/>\n<meta property=\"og:url\" content=\"http:\/\/www.liannedamen.nl\/index.php\/sync\/\" \/>\n<meta property=\"og:site_name\" content=\"lianne damen\" \/>\n<meta property=\"article:modified_time\" content=\"2020-11-29T15:08:39+00:00\" \/>\n<meta property=\"og:image\" content=\"https:\/\/www.liannedamen.nl\/wp-content\/uploads\/2020\/11\/261771_385921668192127_1573755852_n.jpg\" \/>\n<meta name=\"twitter:card\" content=\"summary_large_image\" \/>\n<script type=\"application\/ld+json\" class=\"yoast-schema-graph\">{\"@context\":\"https:\/\/schema.org\",\"@graph\":[{\"@type\":\"WebSite\",\"@id\":\"https:\/\/www.liannedamen.nl\/#website\",\"url\":\"https:\/\/www.liannedamen.nl\/\",\"name\":\"lianne damen\",\"description\":\"En garde, De smeekbede en andere projecten       \",\"potentialAction\":[{\"@type\":\"SearchAction\",\"target\":\"https:\/\/www.liannedamen.nl\/?s={search_term_string}\",\"query-input\":\"required name=search_term_string\"}],\"inLanguage\":\"nl-NL\"},{\"@type\":\"ImageObject\",\"@id\":\"http:\/\/www.liannedamen.nl\/index.php\/sync\/#primaryimage\",\"inLanguage\":\"nl-NL\",\"url\":\"https:\/\/www.liannedamen.nl\/wp-content\/uploads\/2020\/11\/261771_385921668192127_1573755852_n.jpg\",\"width\":780,\"height\":480},{\"@type\":\"WebPage\",\"@id\":\"http:\/\/www.liannedamen.nl\/index.php\/sync\/#webpage\",\"url\":\"http:\/\/www.liannedamen.nl\/index.php\/sync\/\",\"name\":\"Korte film: Sync - lianne damen\",\"isPartOf\":{\"@id\":\"https:\/\/www.liannedamen.nl\/#website\"},\"primaryImageOfPage\":{\"@id\":\"http:\/\/www.liannedamen.nl\/index.php\/sync\/#primaryimage\"},\"datePublished\":\"2020-11-26T15:00:48+00:00\",\"dateModified\":\"2020-11-29T15:08:39+00:00\",\"description\":\"Korte film Sync: Iris en Kimberly, twee Brabantse hartsvriendinnen, delen een passie: synchroonzwemmen. Ze zijn al zo lang een duo, dat hun hele leven synchroon lijkt te gaan. Wanneer de dag van de grote wedstrijd aanbreekt, wordt behalve hun talent ook hun vriendschap op de proef gesteld. Zijn ze allebei gemotiveerd genoeg de perfectie vol te houden? Is hun vriendschap wel zo harmonieus? Korte film\",\"inLanguage\":\"nl-NL\",\"potentialAction\":[{\"@type\":\"ReadAction\",\"target\":[\"http:\/\/www.liannedamen.nl\/index.php\/sync\/\"]}]}]}<\/script>\n<!-- \/ Yoast SEO plugin. -->","_links":{"self":[{"href":"https:\/\/www.liannedamen.nl\/index.php\/wp-json\/wp\/v2\/pages\/1310","targetHints":{"allow":["GET"]}}],"collection":[{"href":"https:\/\/www.liannedamen.nl\/index.php\/wp-json\/wp\/v2\/pages"}],"about":[{"href":"https:\/\/www.liannedamen.nl\/index.php\/wp-json\/wp\/v2\/types\/page"}],"author":[{"embeddable":true,"href":"https:\/\/www.liannedamen.nl\/index.php\/wp-json\/wp\/v2\/users\/1"}],"replies":[{"embeddable":true,"href":"https:\/\/www.liannedamen.nl\/index.php\/wp-json\/wp\/v2\/comments?post=1310"}],"version-history":[{"count":15,"href":"https:\/\/www.liannedamen.nl\/index.php\/wp-json\/wp\/v2\/pages\/1310\/revisions"}],"predecessor-version":[{"id":1379,"href":"https:\/\/www.liannedamen.nl\/index.php\/wp-json\/wp\/v2\/pages\/1310\/revisions\/1379"}],"wp:attachment":[{"href":"https:\/\/www.liannedamen.nl\/index.php\/wp-json\/wp\/v2\/media?parent=1310"}],"curies":[{"name":"wp","href":"https:\/\/api.w.org\/{rel}","templated":true}]}}