{"id":1097,"date":"2020-11-01T09:57:10","date_gmt":"2020-11-01T09:57:10","guid":{"rendered":"http:\/\/www.liannedamen.nl\/?page_id=1097"},"modified":"2020-11-07T13:48:40","modified_gmt":"2020-11-07T13:48:40","slug":"indringende-debuutroman-over-slavernij-in-suriname","status":"publish","type":"page","link":"https:\/\/www.liannedamen.nl\/index.php\/indringende-debuutroman-over-slavernij-in-suriname\/","title":{"rendered":"Indringende debuutroman over slavernij in Suriname"},"content":{"rendered":"\n<p>door <em>Dayenne Wamsteeker<\/em>\/ <a href=\"https:\/\/indeboekenkast.com\/2020\/05\/24\/de-smeekbede\/\">Indeboekenkast<\/a> en <a href=\"https:\/\/www.hebban.nl\/recensie\/dayenne-over-de-smeekbede\">Hebban<\/a> (&#8216;Ontroerend verhaal met een heftig thema&#8217;) en <a href=\"https:\/\/www.bol.com\/nl\/f\/de-smeekbede\/9200000125588391\/\">Bol<\/a> \/ <strong>****<\/strong><\/p>\n\n\n\n<p>Eind achttiende eeuw wordt Engelbert Kelderman administrateur van enkele plantages in Suriname. Op een van deze plantages werkt slavin D\u00e9d\u00e9. Lange tijd doet zij zwaar werk op het land, maar op een gegeven moment mag ze in de keuken van haar meester gaan werken. D\u00e9d\u00e9 blijkt heerlijk te kunnen koken en krijgt een bevoorrechte positie bij haar meester. Huisslaven hebben een ander leven dan de slaven op het land, maar toch is het leven niet makkelijk en maakt D\u00e9d\u00e9 soms verschrikkelijke dingen mee. In De smeekbede van Lianne Damen word je meegenomen in het leven van D\u00e9d\u00e9. <\/p>\n\n\n\n<p>Deze roman is geschreven naar aanleiding van een gevonden brief waarin slavin D\u00e9d\u00e9 haar meester bedankt dat zij is vrijgekocht. De auteur heeft aan de hand van deze brief onderzoek gedaan naar de geschiedenis en het leven van deze slavin verder ingekleurd, wat geresulteerd heeft in dit verhaal. De roman heeft twee verhaallijnen: het leven van de zwarte vrouw D\u00e9d\u00e9 en de andere verhaallijn gaat over de Hollandse meester Engelbert Kelderman en later zijn zoon Gerard&nbsp;<em>(Gerrit)<\/em>. Boeiend om het verhaal vanuit zowel de kant van de meester als vanuit de slavin te lezen. Ze leven beiden in heel verschillende werelden en ervaren de gebeurtenissen heel verschillend. <\/p>\n\n\n\n<p>Auteur Lianne Damen heeft geschiedenis gestudeerd en lange tijd bij verschillende uitgeverijen gewerkt. Dat de auteur liefde voor de geschiedenis heeft, zie je terug in deze roman. Aan het einde van de achttiende eeuw was er veel gaande in de Republiek en op de plantages in Suriname. De auteur heeft historische feiten en verhalen verwerkt tot deze roman:&nbsp;<em>De smeekbede<\/em>. Hier en daar komen erg veel namen en flarden uit de geschiedenis van de Republiek naar voren, deze zijn verder niet uitgewerkt in het verhaal, maar kunnen interessant zijn om verder na te lezen. <\/p>\n\n\n\n<p><em>De smeekbede<\/em>&nbsp;gaat over een moeilijk, maar interessant thema: slavernij. De meesters en hun opzichters gaan vaak hard om met hun slaven en het is hartverscheurend om hierover te lezen. De slaven worden gedwongen om keihard te werken, ze lopen gevaar tijdens het werk en worden makkelijk doorverkocht aan een andere plantage, zonder daarbij rekening te houden met familiebanden. De dood komt ook regelmatig voor in dit verhaal. Veel slaven overlijden op jonge leeftijd, maar ook de blanken in Suriname worden vaak niet oud. Dit komt door allerlei ziekten of bevallingen die voor moeder en kind niet goed aflopen. Het verhaal is soms zwaar en heftig, maar D\u00e9d\u00e9 is een moedige vrouw, waardoor het niet te zwaar wordt. <\/p>\n\n\n\n<p>Lianne Damen heeft een beeldende en krachtige schrijfstijl, waardoor je fragmenten zo voor je ziet. Zo weet ze flora en fauna prachtig te beschrijven, de lange heftige bootreis van Suriname naar Nederland en het reilen en zeilen op de plantages. De smeekbede is een boeiende roman over het leven van een slavin op een plantage in Suriname. Het is een heftig thema en het verhaal van D\u00e9d\u00e9 weet te ontroeren. Ik waardeer het boek met 4 sterren. <\/p>\n\n\n\n<figure class=\"wp-block-image size-large is-resized\"><img loading=\"lazy\" decoding=\"async\" src=\"http:\/\/www.liannedamen.nl\/wp-content\/uploads\/2020\/03\/zeezicht-Schouten.jpg\" alt=\"\" class=\"wp-image-207\" width=\"641\" height=\"378\" srcset=\"https:\/\/www.liannedamen.nl\/wp-content\/uploads\/2020\/03\/zeezicht-Schouten.jpg 612w, https:\/\/www.liannedamen.nl\/wp-content\/uploads\/2020\/03\/zeezicht-Schouten-300x177.jpg 300w\" sizes=\"auto, (max-width: 641px) 100vw, 641px\" \/><\/figure>\n","protected":false},"excerpt":{"rendered":"<p>door Dayenne Wamsteeker\/ Indeboekenkast en Hebban (&#8216;Ontroerend verhaal met een heftig thema&#8217;) en Bol \/ **** Eind achttiende eeuw wordt Engelbert Kelderman administrateur van enkele plantages in Suriname. Op een van deze plantages werkt slavin D\u00e9d\u00e9. Lange tijd doet zij zwaar werk op het land, maar op een gegeven moment mag ze in de keuken &hellip; <\/p>\n<p class=\"link-more\"><a href=\"https:\/\/www.liannedamen.nl\/index.php\/indringende-debuutroman-over-slavernij-in-suriname\/\" class=\"more-link\">Lees verder <span class=\"screen-reader-text\">&#8220;Indringende debuutroman over slavernij in Suriname&#8221;<\/span><\/a><\/p>\n","protected":false},"author":1,"featured_media":0,"parent":0,"menu_order":0,"comment_status":"closed","ping_status":"closed","template":"","meta":{"footnotes":""},"class_list":["post-1097","page","type-page","status-publish","hentry"],"yoast_head":"<!-- This site is optimized with the Yoast SEO plugin v14.1 - https:\/\/yoast.com\/wordpress\/plugins\/seo\/ -->\n<title>Indringende debuutroman over slavernij in Suriname - lianne damen<\/title>\n<meta name=\"description\" content=\"Dayenne Wamsteeker in haar recensie over De Smeekbede: Lianne Damen heeft een beeldende en krachtige schrijfstijl, waardoor je fragmenten zo voor je ziet. Zo weet ze flora en fauna prachtig te beschrijven, de lange heftige bootreis van Suriname naar Nederland en het reilen en zeilen op de plantages. De smeekbede is een boeiende roman over het leven van een slavin op een plantage in Suriname. Het is een heftig thema en het verhaal van D\u00e9d\u00e9 weet te ontroeren.\" \/>\n<meta name=\"robots\" content=\"index, follow\" \/>\n<meta name=\"googlebot\" content=\"index, follow, max-snippet:-1, max-image-preview:large, max-video-preview:-1\" \/>\n<meta name=\"bingbot\" content=\"index, follow, max-snippet:-1, max-image-preview:large, max-video-preview:-1\" \/>\n<link rel=\"canonical\" href=\"http:\/\/www.liannedamen.nl\/index.php\/indringende-debuutroman-over-slavernij-in-suriname\/\" \/>\n<meta property=\"og:locale\" content=\"nl_NL\" \/>\n<meta property=\"og:type\" content=\"article\" \/>\n<meta property=\"og:title\" content=\"Indringende debuutroman over slavernij in Suriname - lianne damen\" \/>\n<meta property=\"og:description\" content=\"Dayenne Wamsteeker in haar recensie over De Smeekbede: Lianne Damen heeft een beeldende en krachtige schrijfstijl, waardoor je fragmenten zo voor je ziet. Zo weet ze flora en fauna prachtig te beschrijven, de lange heftige bootreis van Suriname naar Nederland en het reilen en zeilen op de plantages. De smeekbede is een boeiende roman over het leven van een slavin op een plantage in Suriname. Het is een heftig thema en het verhaal van D\u00e9d\u00e9 weet te ontroeren.\" \/>\n<meta property=\"og:url\" content=\"http:\/\/www.liannedamen.nl\/index.php\/indringende-debuutroman-over-slavernij-in-suriname\/\" \/>\n<meta property=\"og:site_name\" content=\"lianne damen\" \/>\n<meta property=\"article:modified_time\" content=\"2020-11-07T13:48:40+00:00\" \/>\n<meta property=\"og:image\" content=\"http:\/\/www.liannedamen.nl\/wp-content\/uploads\/2020\/03\/zeezicht-Schouten.jpg\" \/>\n<meta name=\"twitter:card\" content=\"summary_large_image\" \/>\n<script type=\"application\/ld+json\" class=\"yoast-schema-graph\">{\"@context\":\"https:\/\/schema.org\",\"@graph\":[{\"@type\":\"WebSite\",\"@id\":\"https:\/\/www.liannedamen.nl\/#website\",\"url\":\"https:\/\/www.liannedamen.nl\/\",\"name\":\"lianne damen\",\"description\":\"En garde, De smeekbede en andere projecten       \",\"potentialAction\":[{\"@type\":\"SearchAction\",\"target\":\"https:\/\/www.liannedamen.nl\/?s={search_term_string}\",\"query-input\":\"required name=search_term_string\"}],\"inLanguage\":\"nl-NL\"},{\"@type\":\"ImageObject\",\"@id\":\"http:\/\/www.liannedamen.nl\/index.php\/indringende-debuutroman-over-slavernij-in-suriname\/#primaryimage\",\"inLanguage\":\"nl-NL\",\"url\":\"http:\/\/www.liannedamen.nl\/wp-content\/uploads\/2020\/03\/zeezicht-Schouten.jpg\"},{\"@type\":\"WebPage\",\"@id\":\"http:\/\/www.liannedamen.nl\/index.php\/indringende-debuutroman-over-slavernij-in-suriname\/#webpage\",\"url\":\"http:\/\/www.liannedamen.nl\/index.php\/indringende-debuutroman-over-slavernij-in-suriname\/\",\"name\":\"Indringende debuutroman over slavernij in Suriname - lianne damen\",\"isPartOf\":{\"@id\":\"https:\/\/www.liannedamen.nl\/#website\"},\"primaryImageOfPage\":{\"@id\":\"http:\/\/www.liannedamen.nl\/index.php\/indringende-debuutroman-over-slavernij-in-suriname\/#primaryimage\"},\"datePublished\":\"2020-11-01T09:57:10+00:00\",\"dateModified\":\"2020-11-07T13:48:40+00:00\",\"description\":\"Dayenne Wamsteeker in haar recensie over De Smeekbede: Lianne Damen heeft een beeldende en krachtige schrijfstijl, waardoor je fragmenten zo voor je ziet. Zo weet ze flora en fauna prachtig te beschrijven, de lange heftige bootreis van Suriname naar Nederland en het reilen en zeilen op de plantages. De smeekbede is een boeiende roman over het leven van een slavin op een plantage in Suriname. Het is een heftig thema en het verhaal van D\\u00e9d\\u00e9 weet te ontroeren.\",\"inLanguage\":\"nl-NL\",\"potentialAction\":[{\"@type\":\"ReadAction\",\"target\":[\"http:\/\/www.liannedamen.nl\/index.php\/indringende-debuutroman-over-slavernij-in-suriname\/\"]}]}]}<\/script>\n<!-- \/ Yoast SEO plugin. -->","_links":{"self":[{"href":"https:\/\/www.liannedamen.nl\/index.php\/wp-json\/wp\/v2\/pages\/1097","targetHints":{"allow":["GET"]}}],"collection":[{"href":"https:\/\/www.liannedamen.nl\/index.php\/wp-json\/wp\/v2\/pages"}],"about":[{"href":"https:\/\/www.liannedamen.nl\/index.php\/wp-json\/wp\/v2\/types\/page"}],"author":[{"embeddable":true,"href":"https:\/\/www.liannedamen.nl\/index.php\/wp-json\/wp\/v2\/users\/1"}],"replies":[{"embeddable":true,"href":"https:\/\/www.liannedamen.nl\/index.php\/wp-json\/wp\/v2\/comments?post=1097"}],"version-history":[{"count":3,"href":"https:\/\/www.liannedamen.nl\/index.php\/wp-json\/wp\/v2\/pages\/1097\/revisions"}],"predecessor-version":[{"id":1154,"href":"https:\/\/www.liannedamen.nl\/index.php\/wp-json\/wp\/v2\/pages\/1097\/revisions\/1154"}],"wp:attachment":[{"href":"https:\/\/www.liannedamen.nl\/index.php\/wp-json\/wp\/v2\/media?parent=1097"}],"curies":[{"name":"wp","href":"https:\/\/api.w.org\/{rel}","templated":true}]}}